{"id":1139,"date":"2025-08-08T05:51:20","date_gmt":"2025-08-08T05:51:20","guid":{"rendered":"https:\/\/microvilla.wpthemeverse.com\/?page_id=1139"},"modified":"2026-03-27T10:21:15","modified_gmt":"2026-03-27T10:21:15","slug":"rentals","status":"publish","type":"page","link":"https:\/\/alturadxb.com\/es\/rentals\/","title":{"rendered":"Alquileres"},"content":{"rendered":"<div data-elementor-type=\"wp-page\" data-elementor-id=\"1139\" class=\"elementor elementor-1139\" data-elementor-post-type=\"page\">\n\t\t\t\t<div class=\"elementor-element elementor-element-5f1f09a e-con-full e-flex e-con e-parent\" data-id=\"5f1f09a\" data-element_type=\"container\" data-e-type=\"container\">\n\t\t<div class=\"elementor-element elementor-element-b006e2a e-flex e-con-boxed e-con e-child\" data-id=\"b006e2a\" data-element_type=\"container\" data-e-type=\"container\" data-settings=\"{&quot;background_background&quot;:&quot;video&quot;,&quot;background_video_link&quot;:&quot;https:\\\/\\\/alturadxb.com\\\/wp-content\\\/uploads\\\/2026\\\/03\\\/WhatsApp-Video-2026-03-26-at-9.59.07-PM.mp4&quot;}\">\n\t\t\t\t\t<div class=\"e-con-inner\">\n\t\t<div class=\"elementor-background-video-container elementor-hidden-mobile\">\n\t\t\t\t\t\t\t<video class=\"elementor-background-video-hosted\" role=\"presentation\" autoplay muted playsinline loop><\/video>\n\t\t\t\t\t<\/div><div class=\"elementor-element elementor-element-7127ee3 e-con-full e-flex e-con e-child\" data-id=\"7127ee3\" data-element_type=\"container\" data-e-type=\"container\">\n\t\t\t\t<div class=\"elementor-element elementor-element-0467e27 elementor-invisible elementor-widget elementor-widget-elementskit-breadcrumb\" data-id=\"0467e27\" data-element_type=\"widget\" data-e-type=\"widget\" data-settings=\"{&quot;_animation&quot;:&quot;fadeIn&quot;,&quot;ekit_we_effect_on&quot;:&quot;none&quot;}\" data-widget_type=\"elementskit-breadcrumb.default\">\n\t\t\t\t<div class=\"elementor-widget-container\">\n\t\t\t\t\t<div class=\"ekit-wid-con\" ><ol class=\"ekit-breadcrumb\"><li class=\"ekit_breadcrumbs_start\"><a href=\"https:\/\/alturadxb.com\/es\">Hogar<\/a><\/li><\/ol><\/div>\t\t\t\t<\/div>\n\t\t\t\t<\/div>\n\t\t\t\t<div class=\"elementor-element elementor-element-7fa7621 sis-heading-animation sis-animation-heading-none elementor-invisible elementor-widget elementor-widget-heading\" data-id=\"7fa7621\" data-element_type=\"widget\" data-e-type=\"widget\" data-settings=\"{&quot;_animation&quot;:&quot;fadeIn&quot;,&quot;_animation_delay&quot;:100,&quot;ekit_we_effect_on&quot;:&quot;none&quot;}\" data-widget_type=\"heading.default\">\n\t\t\t\t\t<h1 class=\"elementor-heading-title elementor-size-default\">Alquileres <\/h1>\t\t\t\t<\/div>\n\t\t\t\t<\/div>\n\t\t\t\t\t<\/div>\n\t\t\t\t<\/div>\n\t\t\t\t<\/div>\n\t\t<div class=\"elementor-element elementor-element-db8505a e-flex e-con-boxed e-con e-parent\" data-id=\"db8505a\" data-element_type=\"container\" data-e-type=\"container\" data-settings=\"{&quot;background_background&quot;:&quot;slideshow&quot;,&quot;background_slideshow_gallery&quot;:[],&quot;background_slideshow_loop&quot;:&quot;yes&quot;,&quot;background_slideshow_slide_duration&quot;:5000,&quot;background_slideshow_slide_transition&quot;:&quot;fade&quot;,&quot;background_slideshow_transition_duration&quot;:500}\">\n\t\t\t\t\t<div class=\"e-con-inner\">\n\t\t\t\t<div class=\"elementor-element elementor-element-5ee1ec3 sis-heading-animation sis-animation-heading-none elementor-widget elementor-widget-heading\" data-id=\"5ee1ec3\" data-element_type=\"widget\" data-e-type=\"widget\" data-settings=\"{&quot;ekit_we_effect_on&quot;:&quot;none&quot;}\" data-widget_type=\"heading.default\">\n\t\t\t\t\t<h2 class=\"elementor-heading-title elementor-size-default\">qu\u00e9date con<span> nosotras <\/span><\/h2>\t\t\t\t<\/div>\n\t\t\t\t<div class=\"elementor-element elementor-element-bca3da8 elementor-widget elementor-widget-text-editor\" data-id=\"bca3da8\" data-element_type=\"widget\" data-e-type=\"widget\" data-settings=\"{&quot;ekit_we_effect_on&quot;:&quot;none&quot;}\" data-widget_type=\"text-editor.default\">\n\t\t\t\t\t\t\t\t\t<p>If you&#8217;re looking for a longer stay, we\u2019d love to help. We\u2019ve been delighted to support individuals, couples, and families in finding comfortable short-term homes while transitioning between properties, relocating to Dubai, starting new jobs, or simply needing a flexible place to stay. Our fully furnished apartments are designed to feel welcoming from day one, making your transition as smooth and stress-free as possible.<br \/>If you&#8217;re considering a longer stay, feel free to reach out to us directly. We\u2019re always happy to chat, understand what you\u2019re looking for, and help you find the right home.<\/p>\t\t\t\t\t\t\t\t<\/div>\n\t\t\t\t<div class=\"elementor-element elementor-element-d873d77 sis-property-gutter-20 elementor-grid-3 elementor-grid-tablet-2 elementor-grid-mobile-1 elementor-widget elementor-widget-microvilla-property\" data-id=\"d873d77\" data-element_type=\"widget\" data-e-type=\"widget\" data-settings=\"{&quot;grid_layout&quot;:&quot;info_on_hover&quot;,&quot;aspect_ratio&quot;:{&quot;unit&quot;:&quot;px&quot;,&quot;size&quot;:1,&quot;sizes&quot;:[]},&quot;columns&quot;:&quot;3&quot;,&quot;columns_tablet&quot;:&quot;2&quot;,&quot;columns_mobile&quot;:&quot;1&quot;,&quot;ekit_we_effect_on&quot;:&quot;none&quot;}\" data-widget_type=\"microvilla-property.default\">\n\t\t\t\t<div class=\"elementor-widget-container\">\n\t\t\t\t\t<div id=\"sis-property-d873d77\" class=\"sis-property-widget\" data-config='{&quot;rtl&quot;:false,&quot;id&quot;:&quot;d873d77&quot;,&quot;layout&quot;:&quot;info_on_hover&quot;,&quot;item_spacing&quot;:&quot;20&quot;,&quot;show_filter_bar&quot;:&quot;&quot;}'><div class=\"sis-property-grid elementor-grid sis-property-layout-info_on_hover sis-property-item-design-1\"><article class=\"sis-property-grid-item post-8265 sis-property type-sis-property status-publish has-post-thumbnail hentry sis-property-type-booking\"><div class=\"sis-property-grid-item__wrapper\"><div class=\"sis-property-grid-item__img\"><a class=\"sis-property-grid-item__link\" href=\"https:\/\/alturadxb.com\/es\/properties\/high-floor-dubai-marina-escape-2br-marina-views-2\/\"><img fetchpriority=\"high\" decoding=\"async\" width=\"1040\" height=\"694\" src=\"https:\/\/alturadxb.com\/wp-content\/uploads\/2026\/02\/519c0bd8-6df0-4630-a7ac-184207ae3601-2.jpg\" class=\"attachment-post-thumbnail size-post-thumbnail wp-post-image\" alt=\"\" srcset=\"https:\/\/alturadxb.com\/wp-content\/uploads\/2026\/02\/519c0bd8-6df0-4630-a7ac-184207ae3601-2.jpg 1040w, https:\/\/alturadxb.com\/wp-content\/uploads\/2026\/02\/519c0bd8-6df0-4630-a7ac-184207ae3601-2-300x200.jpg 300w, https:\/\/alturadxb.com\/wp-content\/uploads\/2026\/02\/519c0bd8-6df0-4630-a7ac-184207ae3601-2-1024x683.jpg 1024w, https:\/\/alturadxb.com\/wp-content\/uploads\/2026\/02\/519c0bd8-6df0-4630-a7ac-184207ae3601-2-768x512.jpg 768w, https:\/\/alturadxb.com\/wp-content\/uploads\/2026\/02\/519c0bd8-6df0-4630-a7ac-184207ae3601-2-600x400.jpg 600w\" sizes=\"(max-width: 1040px) 100vw, 1040px\" \/> <\/a><\/div><div class=\"sis-property-grid-item__content\"><div class=\"sis-property-grid-title__wrap\">\n\t\t\t\t<a class=\"sis-property-grid-item__link\" href=\"https:\/\/alturadxb.com\/es\/properties\/high-floor-dubai-marina-escape-2br-marina-views-2\/\">\n\t\t\t\t\t<h4 class=\"sis-property-grid-item__title\">Escapada a Dubai Marina en planta alta | Apartamento de 2 habitaciones con vistas a la marina<\/h4>\n\t\t\t\t<\/a>\n\t\t\t<\/div><div class=\"sis-property-grid-item__excerpt\">Apartamento en planta alta en Dubai Marina Escape | 2 habitaciones con vistas a la marina...<\/div>\t\t<div class=\"property-details-widget\">\n\t\t\t\t\t\t\t<div class=\"property-item\">\n\t\t\t\t\t<div class=\"elementor-icon sis-elementor-icon\"><svg aria-hidden=\"true\" class=\"e-font-icon-svg e-fas-bed\" width=\"24\" height=\"24\" viewbox=\"0 0 640 512\" xmlns=\"http:\/\/www.w3.org\/2000\/svg\"><path d=\"M176 256c44.2 0 80-35.8 80-80s-35.8-80-80-80-80 35.8-80 80 35.8 80 80 80zm416-96H320v192H64V96H32C14.3 96 0 110.3 0 128v320c0 17.7 14.3 32 32 32h32V384h512v96h32c17.7 0 32-14.3 32-32V224c0-35.3-28.7-64-64-64z\" fill=\"#344256\"><\/path><\/svg><\/div>2 Dormitorios\t\t\t\t<\/div>\n\t\t\t\t\t\t\t\t\t\t\t\t\t<div class=\"property-item\">\n\t\t\t\t\t<div class=\"elementor-icon sis-elementor-icon\"><svg aria-hidden=\"true\" class=\"e-font-icon-svg e-fas-wifi\" width=\"24\" height=\"24\" viewbox=\"0 0 640 512\" xmlns=\"http:\/\/www.w3.org\/2000\/svg\"><path d=\"M634.91 154.88C457.74-8.99 182.19-8.93 5.09 154.88c-6.66 6.16-6.79 16.59-.35 22.98l34.24 33.97c6.14 6.1 16.02 6.23 22.4.38 145.92-133.68 371.3-133.71 517.25 0 6.38 5.85 16.26 5.71 22.4-.38l34.24-33.97c6.43-6.39 6.3-16.82-.36-22.98zM320 352c-35.35 0-64 28.65-64 64s28.65 64 64 64 64-28.65 64-64-28.65-64-64-64zm202.67-83.59c-115.26-101.93-290.21-101.82-405.34 0-6.9 6.1-7.12 16.69-.57 23.15l34.44 33.99c6 5.92 15.66 6.32 22.05.8 83.95-72.57 209.74-72.41 293.49 0 6.39 5.52 16.05 5.13 22.05-.8l34.44-33.99c6.56-6.46 6.33-17.06-.56-23.15z\" fill=\"#344256\"><\/path><\/svg><\/div>\t\t\t\t\tFree Available\t\t\t\t<\/div>\n\t\t\t\t\t<\/div>\n\t\t\n        <\/div><\/div><\/article><article class=\"sis-property-grid-item post-5569 sis-property type-sis-property status-publish has-post-thumbnail hentry sis-property-type-booking\"><div class=\"sis-property-grid-item__wrapper\"><div class=\"sis-property-grid-item__img\"><a class=\"sis-property-grid-item__link\" href=\"https:\/\/alturadxb.com\/es\/properties\/dubai-marina-2br-full-palm-sea-views\/\"><img decoding=\"async\" width=\"1600\" height=\"1200\" src=\"https:\/\/alturadxb.com\/wp-content\/uploads\/2026\/03\/IMG_9863-HDR_processed_by_imagy.jpg.png\" class=\"attachment-post-thumbnail size-post-thumbnail wp-post-image\" alt=\"\" srcset=\"https:\/\/alturadxb.com\/wp-content\/uploads\/2026\/03\/IMG_9863-HDR_processed_by_imagy.jpg.png 1600w, https:\/\/alturadxb.com\/wp-content\/uploads\/2026\/03\/IMG_9863-HDR_processed_by_imagy.jpg-300x225.png 300w, https:\/\/alturadxb.com\/wp-content\/uploads\/2026\/03\/IMG_9863-HDR_processed_by_imagy.jpg-1024x768.png 1024w, https:\/\/alturadxb.com\/wp-content\/uploads\/2026\/03\/IMG_9863-HDR_processed_by_imagy.jpg-768x576.png 768w, https:\/\/alturadxb.com\/wp-content\/uploads\/2026\/03\/IMG_9863-HDR_processed_by_imagy.jpg-1536x1152.png 1536w, https:\/\/alturadxb.com\/wp-content\/uploads\/2026\/03\/IMG_9863-HDR_processed_by_imagy.jpg-16x12.png 16w, https:\/\/alturadxb.com\/wp-content\/uploads\/2026\/03\/IMG_9863-HDR_processed_by_imagy.jpg-600x450.png 600w\" sizes=\"(max-width: 1600px) 100vw, 1600px\" \/> <\/a><\/div><div class=\"sis-property-grid-item__content\"><div class=\"sis-property-grid-title__wrap\">\n\t\t\t\t<a class=\"sis-property-grid-item__link\" href=\"https:\/\/alturadxb.com\/es\/properties\/dubai-marina-2br-full-palm-sea-views\/\">\n\t\t\t\t\t<h4 class=\"sis-property-grid-item__title\">Apartamento de 2 habitaciones en Dubai Marina | Vistas completas a las palmeras y al mar<\/h4>\n\t\t\t\t<\/a>\n\t\t\t<\/div><div class=\"sis-property-grid-item__excerpt\">Apartamento en Dubai Marina, 2 habitaciones | Vistas panor\u00e1micas a Palm Jumeirah y al mar...<\/div>\t\t<div class=\"property-details-widget\">\n\t\t\t\t\t\t\t<div class=\"property-item\">\n\t\t\t\t\t<div class=\"elementor-icon sis-elementor-icon\"><svg aria-hidden=\"true\" class=\"e-font-icon-svg e-fas-bed\" width=\"24\" height=\"24\" viewbox=\"0 0 640 512\" xmlns=\"http:\/\/www.w3.org\/2000\/svg\"><path d=\"M176 256c44.2 0 80-35.8 80-80s-35.8-80-80-80-80 35.8-80 80 35.8 80 80 80zm416-96H320v192H64V96H32C14.3 96 0 110.3 0 128v320c0 17.7 14.3 32 32 32h32V384h512v96h32c17.7 0 32-14.3 32-32V224c0-35.3-28.7-64-64-64z\" fill=\"#344256\"><\/path><\/svg><\/div>2 Dormitorios\t\t\t\t<\/div>\n\t\t\t\t\t\t\t\t\t\t\t\t\t<div class=\"property-item\">\n\t\t\t\t\t<div class=\"elementor-icon sis-elementor-icon\"><svg aria-hidden=\"true\" class=\"e-font-icon-svg e-fas-wifi\" width=\"24\" height=\"24\" viewbox=\"0 0 640 512\" xmlns=\"http:\/\/www.w3.org\/2000\/svg\"><path d=\"M634.91 154.88C457.74-8.99 182.19-8.93 5.09 154.88c-6.66 6.16-6.79 16.59-.35 22.98l34.24 33.97c6.14 6.1 16.02 6.23 22.4.38 145.92-133.68 371.3-133.71 517.25 0 6.38 5.85 16.26 5.71 22.4-.38l34.24-33.97c6.43-6.39 6.3-16.82-.36-22.98zM320 352c-35.35 0-64 28.65-64 64s28.65 64 64 64 64-28.65 64-64-28.65-64-64-64zm202.67-83.59c-115.26-101.93-290.21-101.82-405.34 0-6.9 6.1-7.12 16.69-.57 23.15l34.44 33.99c6 5.92 15.66 6.32 22.05.8 83.95-72.57 209.74-72.41 293.49 0 6.39 5.52 16.05 5.13 22.05-.8l34.44-33.99c6.56-6.46 6.33-17.06-.56-23.15z\" fill=\"#344256\"><\/path><\/svg><\/div>\t\t\t\t\tFree Available\t\t\t\t<\/div>\n\t\t\t\t\t<\/div>\n\t\t\n        <\/div><\/div><\/article><article class=\"sis-property-grid-item post-5451 sis-property type-sis-property status-publish has-post-thumbnail hentry sis-property-type-booking\"><div class=\"sis-property-grid-item__wrapper\"><div class=\"sis-property-grid-item__img\"><a class=\"sis-property-grid-item__link\" href=\"https:\/\/alturadxb.com\/es\/properties\/dubai-marina-3-br-sea-marina-view\/\"><img decoding=\"async\" width=\"1440\" height=\"960\" src=\"https:\/\/alturadxb.com\/wp-content\/uploads\/2026\/02\/19d986b7-fa24-4a63-8a77-78b6062525ad.jpg\" class=\"attachment-post-thumbnail size-post-thumbnail wp-post-image\" alt=\"\" srcset=\"https:\/\/alturadxb.com\/wp-content\/uploads\/2026\/02\/19d986b7-fa24-4a63-8a77-78b6062525ad.jpg 1440w, https:\/\/alturadxb.com\/wp-content\/uploads\/2026\/02\/19d986b7-fa24-4a63-8a77-78b6062525ad-600x400.jpg 600w, https:\/\/alturadxb.com\/wp-content\/uploads\/2026\/02\/19d986b7-fa24-4a63-8a77-78b6062525ad-300x200.jpg 300w, https:\/\/alturadxb.com\/wp-content\/uploads\/2026\/02\/19d986b7-fa24-4a63-8a77-78b6062525ad-1024x683.jpg 1024w, https:\/\/alturadxb.com\/wp-content\/uploads\/2026\/02\/19d986b7-fa24-4a63-8a77-78b6062525ad-768x512.jpg 768w\" sizes=\"(max-width: 1440px) 100vw, 1440px\" \/> <\/a><\/div><div class=\"sis-property-grid-item__content\"><div class=\"sis-property-grid-title__wrap\">\n\t\t\t\t<a class=\"sis-property-grid-item__link\" href=\"https:\/\/alturadxb.com\/es\/properties\/dubai-marina-3-br-sea-marina-view\/\">\n\t\t\t\t\t<h4 class=\"sis-property-grid-item__title\">Dubai Marina 3 habitaciones | Vista al mar y al puerto deportivo<\/h4>\n\t\t\t\t<\/a>\n\t\t\t<\/div><div class=\"sis-property-grid-item__excerpt\">Apartamento en Dubai Marina, 3 habitaciones | Mar y Marina...<\/div>\t\t<div class=\"property-details-widget\">\n\t\t\t\t\t\t\t<div class=\"property-item\">\n\t\t\t\t\t<div class=\"elementor-icon sis-elementor-icon\"><svg aria-hidden=\"true\" class=\"e-font-icon-svg e-fas-bed\" width=\"24\" height=\"24\" viewbox=\"0 0 640 512\" xmlns=\"http:\/\/www.w3.org\/2000\/svg\"><path d=\"M176 256c44.2 0 80-35.8 80-80s-35.8-80-80-80-80 35.8-80 80 35.8 80 80 80zm416-96H320v192H64V96H32C14.3 96 0 110.3 0 128v320c0 17.7 14.3 32 32 32h32V384h512v96h32c17.7 0 32-14.3 32-32V224c0-35.3-28.7-64-64-64z\" fill=\"#344256\"><\/path><\/svg><\/div>3 Dormitorios\t\t\t\t<\/div>\n\t\t\t\t\t\t\t\t\t\t\t\t\t<div class=\"property-item\">\n\t\t\t\t\t<div class=\"elementor-icon sis-elementor-icon\"><svg aria-hidden=\"true\" class=\"e-font-icon-svg e-fas-wifi\" width=\"24\" height=\"24\" viewbox=\"0 0 640 512\" xmlns=\"http:\/\/www.w3.org\/2000\/svg\"><path d=\"M634.91 154.88C457.74-8.99 182.19-8.93 5.09 154.88c-6.66 6.16-6.79 16.59-.35 22.98l34.24 33.97c6.14 6.1 16.02 6.23 22.4.38 145.92-133.68 371.3-133.71 517.25 0 6.38 5.85 16.26 5.71 22.4-.38l34.24-33.97c6.43-6.39 6.3-16.82-.36-22.98zM320 352c-35.35 0-64 28.65-64 64s28.65 64 64 64 64-28.65 64-64-28.65-64-64-64zm202.67-83.59c-115.26-101.93-290.21-101.82-405.34 0-6.9 6.1-7.12 16.69-.57 23.15l34.44 33.99c6 5.92 15.66 6.32 22.05.8 83.95-72.57 209.74-72.41 293.49 0 6.39 5.52 16.05 5.13 22.05-.8l34.44-33.99c6.56-6.46 6.33-17.06-.56-23.15z\" fill=\"#344256\"><\/path><\/svg><\/div>\t\t\t\t\tFree Available\t\t\t\t<\/div>\n\t\t\t\t\t<\/div>\n\t\t\n        <\/div><\/div><\/article><article class=\"sis-property-grid-item post-5304 sis-property type-sis-property status-publish has-post-thumbnail hentry sis-property-type-booking\"><div class=\"sis-property-grid-item__wrapper\"><div class=\"sis-property-grid-item__img\"><a class=\"sis-property-grid-item__link\" href=\"https:\/\/alturadxb.com\/es\/properties\/high-floor-dubai-marina-escape-2br-marina-views\/\"><img loading=\"lazy\" decoding=\"async\" width=\"2560\" height=\"1707\" src=\"https:\/\/alturadxb.com\/wp-content\/uploads\/2026\/02\/SUM9568-Edit-1-scaled.jpg\" class=\"attachment-post-thumbnail size-post-thumbnail wp-post-image\" alt=\"\" srcset=\"https:\/\/alturadxb.com\/wp-content\/uploads\/2026\/02\/SUM9568-Edit-1-scaled.jpg 2560w, https:\/\/alturadxb.com\/wp-content\/uploads\/2026\/02\/SUM9568-Edit-1-scaled-600x400.jpg 600w, https:\/\/alturadxb.com\/wp-content\/uploads\/2026\/02\/SUM9568-Edit-1-300x200.jpg 300w, https:\/\/alturadxb.com\/wp-content\/uploads\/2026\/02\/SUM9568-Edit-1-1024x683.jpg 1024w, https:\/\/alturadxb.com\/wp-content\/uploads\/2026\/02\/SUM9568-Edit-1-768x512.jpg 768w, https:\/\/alturadxb.com\/wp-content\/uploads\/2026\/02\/SUM9568-Edit-1-1536x1024.jpg 1536w, https:\/\/alturadxb.com\/wp-content\/uploads\/2026\/02\/SUM9568-Edit-1-2048x1366.jpg 2048w\" sizes=\"(max-width: 2560px) 100vw, 2560px\" \/> <\/a><\/div><div class=\"sis-property-grid-item__content\"><div class=\"sis-property-grid-title__wrap\">\n\t\t\t\t<a class=\"sis-property-grid-item__link\" href=\"https:\/\/alturadxb.com\/es\/properties\/high-floor-dubai-marina-escape-2br-marina-views\/\">\n\t\t\t\t\t<h4 class=\"sis-property-grid-item__title\">Escapada a Dubai Marina en planta alta | Apartamento de 2 habitaciones con vistas a la marina<\/h4>\n\t\t\t\t<\/a>\n\t\t\t<\/div><div class=\"sis-property-grid-item__excerpt\">Apartamento en planta alta en Dubai Marina Escape | 2 habitaciones con vistas a la marina...<\/div>\t\t<div class=\"property-details-widget\">\n\t\t\t\t\t\t\t<div class=\"property-item\">\n\t\t\t\t\t<div class=\"elementor-icon sis-elementor-icon\"><svg aria-hidden=\"true\" class=\"e-font-icon-svg e-fas-bed\" width=\"24\" height=\"24\" viewbox=\"0 0 640 512\" xmlns=\"http:\/\/www.w3.org\/2000\/svg\"><path d=\"M176 256c44.2 0 80-35.8 80-80s-35.8-80-80-80-80 35.8-80 80 35.8 80 80 80zm416-96H320v192H64V96H32C14.3 96 0 110.3 0 128v320c0 17.7 14.3 32 32 32h32V384h512v96h32c17.7 0 32-14.3 32-32V224c0-35.3-28.7-64-64-64z\" fill=\"#344256\"><\/path><\/svg><\/div>2 Dormitorios\t\t\t\t<\/div>\n\t\t\t\t\t\t\t\t\t\t\t\t\t<div class=\"property-item\">\n\t\t\t\t\t<div class=\"elementor-icon sis-elementor-icon\"><svg aria-hidden=\"true\" class=\"e-font-icon-svg e-fas-wifi\" width=\"24\" height=\"24\" viewbox=\"0 0 640 512\" xmlns=\"http:\/\/www.w3.org\/2000\/svg\"><path d=\"M634.91 154.88C457.74-8.99 182.19-8.93 5.09 154.88c-6.66 6.16-6.79 16.59-.35 22.98l34.24 33.97c6.14 6.1 16.02 6.23 22.4.38 145.92-133.68 371.3-133.71 517.25 0 6.38 5.85 16.26 5.71 22.4-.38l34.24-33.97c6.43-6.39 6.3-16.82-.36-22.98zM320 352c-35.35 0-64 28.65-64 64s28.65 64 64 64 64-28.65 64-64-28.65-64-64-64zm202.67-83.59c-115.26-101.93-290.21-101.82-405.34 0-6.9 6.1-7.12 16.69-.57 23.15l34.44 33.99c6 5.92 15.66 6.32 22.05.8 83.95-72.57 209.74-72.41 293.49 0 6.39 5.52 16.05 5.13 22.05-.8l34.44-33.99c6.56-6.46 6.33-17.06-.56-23.15z\" fill=\"#344256\"><\/path><\/svg><\/div>\t\t\t\t\tFree Available\t\t\t\t<\/div>\n\t\t\t\t\t<\/div>\n\t\t\n        <\/div><\/div><\/article><\/div><div class=\"sis-property-post-pagination-container\" id=\"sis-post-nagivation--d873d77\">\n\t\t\t\t\t\t\t\t\t<\/div><\/div>\t\t\t\t<\/div>\n\t\t\t\t<\/div>\n\t\t\t\t\t<\/div>\n\t\t\t\t<\/div>\n\t\t<div class=\"elementor-element elementor-element-2e7faf2 e-con-full e-flex e-con e-parent\" data-id=\"2e7faf2\" data-element_type=\"container\" data-e-type=\"container\">\n\t\t<div class=\"elementor-element elementor-element-5aa8865 e-flex e-con-boxed e-con e-child\" data-id=\"5aa8865\" data-element_type=\"container\" data-e-type=\"container\" data-settings=\"{&quot;background_background&quot;:&quot;classic&quot;}\">\n\t\t\t\t\t<div class=\"e-con-inner\">\n\t\t<div class=\"elementor-element elementor-element-c4c3d6c e-con-full e-flex e-con e-child\" data-id=\"c4c3d6c\" data-element_type=\"container\" data-e-type=\"container\">\n\t\t\t\t<div class=\"elementor-element elementor-element-c2ec143 sis-heading-animation sis-animation-heading-style-1 elementor-invisible elementor-widget elementor-widget-heading\" data-id=\"c2ec143\" data-element_type=\"widget\" data-e-type=\"widget\" data-settings=\"{&quot;_animation&quot;:&quot;fadeIn&quot;,&quot;_animation_delay&quot;:100,&quot;ekit_we_effect_on&quot;:&quot;none&quot;}\" data-widget_type=\"heading.default\">\n\t\t\t\t\t<h1 class=\"elementor-heading-title elementor-size-default\">Comience hoy mismo su b\u00fasqueda de propiedades en Dub\u00e1i.<\/h1>\t\t\t\t<\/div>\n\t\t\t\t<div class=\"elementor-element elementor-element-15d80fe elementor-invisible elementor-widget elementor-widget-text-editor\" data-id=\"15d80fe\" data-element_type=\"widget\" data-e-type=\"widget\" data-settings=\"{&quot;_animation&quot;:&quot;fadeInUp&quot;,&quot;ekit_we_effect_on&quot;:&quot;none&quot;}\" data-widget_type=\"text-editor.default\">\n\t\t\t\t\t\t\t\t\t<p>Ya sea que desee invertir, mudarse o adquirir la casa de sus sue\u00f1os, Altura lo guiar\u00e1 en cada paso del proceso. Acceda a oportunidades exclusivas, an\u00e1lisis de expertos y estrategias personalizadas adaptadas a sus objetivos.<\/p>\t\t\t\t\t\t\t\t<\/div>\n\t\t\t\t<div class=\"elementor-element elementor-element-98c4db9 elementor-widget elementor-widget-button\" data-id=\"98c4db9\" data-element_type=\"widget\" data-e-type=\"widget\" data-settings=\"{&quot;ekit_we_effect_on&quot;:&quot;none&quot;}\" data-widget_type=\"button.default\">\n\t\t\t\t\t\t\t\t\t\t<a class=\"elementor-button elementor-button-link elementor-size-sm\" href=\"#elementor-action%3Aaction%3Dpopup%3Aopen%26settings%3DeyJpZCI6IjQ5MzUiLCJ0b2dnbGUiOmZhbHNlfQ%3D%3D\">\n\t\t\t\t\t\t<span class=\"elementor-button-content-wrapper\">\n\t\t\t\t\t\t\t\t\t<span class=\"elementor-button-text\">Comience a usar Altura<\/span>\n\t\t\t\t\t<\/span>\n\t\t\t\t\t<\/a>\n\t\t\t\t\t\t\t\t<\/div>\n\t\t\t\t<\/div>\n\t\t\t\t\t<\/div>\n\t\t\t\t<\/div>\n\t\t\t\t<\/div>\n\t\t\t\t<\/div>","protected":false},"excerpt":{"rendered":"<p>Home Rentals Stay with us If you&#8217;re looking for a longer stay,&#8230;..<\/p>","protected":false},"author":1,"featured_media":0,"parent":0,"menu_order":0,"comment_status":"closed","ping_status":"closed","template":"elementor_header_footer","meta":{"footnotes":""},"class_list":["post-1139","page","type-page","status-publish","hentry"],"_links":{"self":[{"href":"https:\/\/alturadxb.com\/es\/wp-json\/wp\/v2\/pages\/1139","targetHints":{"allow":["GET"]}}],"collection":[{"href":"https:\/\/alturadxb.com\/es\/wp-json\/wp\/v2\/pages"}],"about":[{"href":"https:\/\/alturadxb.com\/es\/wp-json\/wp\/v2\/types\/page"}],"author":[{"embeddable":true,"href":"https:\/\/alturadxb.com\/es\/wp-json\/wp\/v2\/users\/1"}],"replies":[{"embeddable":true,"href":"https:\/\/alturadxb.com\/es\/wp-json\/wp\/v2\/comments?post=1139"}],"version-history":[{"count":9,"href":"https:\/\/alturadxb.com\/es\/wp-json\/wp\/v2\/pages\/1139\/revisions"}],"predecessor-version":[{"id":8498,"href":"https:\/\/alturadxb.com\/es\/wp-json\/wp\/v2\/pages\/1139\/revisions\/8498"}],"wp:attachment":[{"href":"https:\/\/alturadxb.com\/es\/wp-json\/wp\/v2\/media?parent=1139"}],"curies":[{"name":"wp","href":"https:\/\/api.w.org\/{rel}","templated":true}]}}