{"id":2514,"date":"2025-08-13T04:15:16","date_gmt":"2025-08-13T04:15:16","guid":{"rendered":"https:\/\/microvilla.wpthemeverse.com\/?page_id=2514"},"modified":"2026-02-12T06:13:34","modified_gmt":"2026-02-12T06:13:34","slug":"blog","status":"publish","type":"page","link":"https:\/\/alturadxb.com\/es\/blog\/","title":{"rendered":"Blog"},"content":{"rendered":"<div data-elementor-type=\"wp-page\" data-elementor-id=\"2514\" class=\"elementor elementor-2514\" data-elementor-post-type=\"page\">\n\t\t\t\t<div class=\"elementor-element elementor-element-2c79661 e-con-full e-flex e-con e-parent\" data-id=\"2c79661\" data-element_type=\"container\" data-e-type=\"container\">\n\t\t<div class=\"elementor-element elementor-element-9fa77d4 e-flex e-con-boxed e-con e-child\" data-id=\"9fa77d4\" data-element_type=\"container\" data-e-type=\"container\" data-settings=\"{&quot;background_background&quot;:&quot;classic&quot;}\">\n\t\t\t\t\t<div class=\"e-con-inner\">\n\t\t<div class=\"elementor-element elementor-element-ca67a2f e-con-full e-flex e-con e-child\" data-id=\"ca67a2f\" data-element_type=\"container\" data-e-type=\"container\">\n\t\t\t\t<div class=\"elementor-element elementor-element-06365ca elementor-invisible elementor-widget elementor-widget-elementskit-breadcrumb\" data-id=\"06365ca\" data-element_type=\"widget\" data-e-type=\"widget\" data-settings=\"{&quot;_animation&quot;:&quot;fadeIn&quot;,&quot;ekit_we_effect_on&quot;:&quot;none&quot;}\" data-widget_type=\"elementskit-breadcrumb.default\">\n\t\t\t\t<div class=\"elementor-widget-container\">\n\t\t\t\t\t<div class=\"ekit-wid-con\" ><ol class=\"ekit-breadcrumb\"><li class=\"ekit_breadcrumbs_start\"><a href=\"https:\/\/alturadxb.com\/es\/\">Hogar<\/a><\/li> <li class=\"brd_sep\"><span class=\"separate_icon\"><i class=\"icon icon-right-arrow1\"><\/i><\/span><\/li>  <li>Blog<\/li><\/ol><\/div>\t\t\t\t<\/div>\n\t\t\t\t<\/div>\n\t\t\t\t<div class=\"elementor-element elementor-element-507e853 sis-heading-animation sis-animation-heading-none elementor-invisible elementor-widget elementor-widget-heading\" data-id=\"507e853\" data-element_type=\"widget\" data-e-type=\"widget\" data-settings=\"{&quot;_animation&quot;:&quot;fadeIn&quot;,&quot;_animation_delay&quot;:100,&quot;ekit_we_effect_on&quot;:&quot;none&quot;}\" data-widget_type=\"heading.default\">\n\t\t\t\t\t<h1 class=\"elementor-heading-title elementor-size-default\">Nuestro Blog<\/h1>\t\t\t\t<\/div>\n\t\t\t\t<\/div>\n\t\t\t\t\t<\/div>\n\t\t\t\t<\/div>\n\t\t\t\t<\/div>\n\t\t<div class=\"elementor-element elementor-element-5a84c1c e-flex e-con-boxed e-con e-parent\" data-id=\"5a84c1c\" data-element_type=\"container\" data-e-type=\"container\">\n\t\t\t\t\t<div class=\"e-con-inner\">\n\t\t<div class=\"elementor-element elementor-element-a15c4c2 e-con-full e-flex e-con e-child\" data-id=\"a15c4c2\" data-element_type=\"container\" data-e-type=\"container\">\n\t\t\t\t<div class=\"elementor-element elementor-element-c1f4bc7 sis-bloglist1 elementor-invisible elementor-widget elementor-widget-elementskit-blog-posts\" data-id=\"c1f4bc7\" data-element_type=\"widget\" data-e-type=\"widget\" data-settings=\"{&quot;_animation&quot;:&quot;fadeIn&quot;,&quot;ekit_we_effect_on&quot;:&quot;none&quot;}\" data-widget_type=\"elementskit-blog-posts.default\">\n\t\t\t\t\t<div class=\"ekit-wid-con\" >\n        <div id=\"post-items--c1f4bc7\" class=\"row post-items ekit-blog-posts-content wihout-masonry\" data-enable=\"no\">\n\n\t\t\t<!-- Blog Carousel markup render -->\n\t\t\t\n\n            <div class=\"col-lg-4 col-md-6\">\n\n                                    <div class=\"elementskit-post-image-card\">\n                        <div class=\"elementskit-entry-header\">\n                                                            <a href=\"https:\/\/alturadxb.com\/es\/create-your-perfect-living-space-key-touches-for-that-wow-factor\/\" class=\"elementskit-entry-thumb\">\n                                    <img decoding=\"async\" src=\"https:\/\/alturadxb.com\/wp-content\/uploads\/2026\/02\/Image-3-1.webp\" alt=\"Create Your Perfect Living Space: Key Touches for That Wow Factor\">\n                                <\/a><!-- .elementskit-entry-thumb END -->\n                                                            \n                                                            <div class=\"elementskit-meta-categories\">\n                                    <span class=\"elementskit-meta-wraper\">\n                                        <span><a href=\"https:\/\/alturadxb.com\/es\/category\/blog\/\" rel=\"category tag\">Blog<\/a><\/span>\n                                    <\/span>\n                                <\/div>\n                            \n                                                    <\/div><!-- .elementskit-entry-header END -->\n\n                        <div class=\"elementskit-post-body\">\n                            \n                                                                                                                <div class=\"post-meta-list\">\n                                                                                                <span class=\"meta-date\">\n\n                                \n                                <span class=\"meta-date-text\">\n                                    mayo 28, 2025                                <\/span>\n                            <\/span>\n                                                                                                                                                                                                                        <span class=\"post-comment\">\n\n                                <svg aria-hidden=\"true\" class=\"e-font-icon-svg e-fas-circle\" viewbox=\"0 0 512 512\" xmlns=\"http:\/\/www.w3.org\/2000\/svg\"><path d=\"M256 8C119 8 8 119 8 256s111 248 248 248 248-111 248-248S393 8 256 8z\"><\/path><\/svg>\n                                <a href=\"https:\/\/alturadxb.com\/es\/create-your-perfect-living-space-key-touches-for-that-wow-factor\/#respond\">0<\/a>\n                            <\/span>\n                                                            <\/div>\n                                                                        \n                                        \n                                        \t\t\t\t\t\t\t\t\t\t                <h2 class=\"entry-title\">\n                    <a href=\"https:\/\/alturadxb.com\/es\/create-your-perfect-living-space-key-touches-for-that-wow-factor\/\">\n                            Crea tu espacio vital perfecto: toques clave para un efecto sorpresa                    <\/a>\n                <\/h2>\n                                                                                                                                                    \t\t\t\t\t\t\t\t\t\t<p>Dise\u00f1ar tu espacio vital ideal es un viaje apasionante que combina lo personal\u2026<\/p>\n                                                                                                                                                <\/div><!-- .elementskit-post-body END -->\n                    <\/div>\n                \n            <\/div>\t\t\t\t\n\n            <div class=\"col-lg-4 col-md-6\">\n\n                                    <div class=\"elementskit-post-image-card\">\n                        <div class=\"elementskit-entry-header\">\n                                                            <a href=\"https:\/\/alturadxb.com\/es\/setting-the-mood-on-colour\/\" class=\"elementskit-entry-thumb\">\n                                    <img decoding=\"async\" src=\"https:\/\/alturadxb.com\/wp-content\/uploads\/2026\/02\/IMG_0393-1.webp\" alt=\"Setting the mood on colour\">\n                                <\/a><!-- .elementskit-entry-thumb END -->\n                                                            \n                                                            <div class=\"elementskit-meta-categories\">\n                                    <span class=\"elementskit-meta-wraper\">\n                                        <span><a href=\"https:\/\/alturadxb.com\/es\/category\/blog\/\" rel=\"category tag\">Blog<\/a><\/span>\n                                    <\/span>\n                                <\/div>\n                            \n                                                    <\/div><!-- .elementskit-entry-header END -->\n\n                        <div class=\"elementskit-post-body\">\n                            \n                                                                                                                <div class=\"post-meta-list\">\n                                                                                                <span class=\"meta-date\">\n\n                                \n                                <span class=\"meta-date-text\">\n                                    mayo 14, 2025                                <\/span>\n                            <\/span>\n                                                                                                                                                                                                                        <span class=\"post-comment\">\n\n                                <svg aria-hidden=\"true\" class=\"e-font-icon-svg e-fas-circle\" viewbox=\"0 0 512 512\" xmlns=\"http:\/\/www.w3.org\/2000\/svg\"><path d=\"M256 8C119 8 8 119 8 256s111 248 248 248 248-111 248-248S393 8 256 8z\"><\/path><\/svg>\n                                <a href=\"https:\/\/alturadxb.com\/es\/setting-the-mood-on-colour\/#respond\">0<\/a>\n                            <\/span>\n                                                            <\/div>\n                                                                        \n                                        \n                                        \t\t\t\t\t\t\t\t\t\t                <h2 class=\"entry-title\">\n                    <a href=\"https:\/\/alturadxb.com\/es\/setting-the-mood-on-colour\/\">\n                            Creando ambiente con el color                    <\/a>\n                <\/h2>\n                                                                                                                                                    \t\t\t\t\t\t\t\t\t\t<p>El color es m\u00e1s que un simple elemento visual en el dise\u00f1o de interiores; es\u2026<\/p>\n                                                                                                                                                <\/div><!-- .elementskit-post-body END -->\n                    <\/div>\n                \n            <\/div>\t\t\t\t\n\n            <div class=\"col-lg-4 col-md-6\">\n\n                                    <div class=\"elementskit-post-image-card\">\n                        <div class=\"elementskit-entry-header\">\n                                                            <a href=\"https:\/\/alturadxb.com\/es\/think-about-biophilic-design-what-is-it-bringing-the-outdoors-in\/\" class=\"elementskit-entry-thumb\">\n                                    <img decoding=\"async\" src=\"https:\/\/alturadxb.com\/wp-content\/uploads\/2026\/02\/Image-2-1.webp\" alt=\"Think about Biophilic design , what is it ? Bringing the outdoors in.\">\n                                <\/a><!-- .elementskit-entry-thumb END -->\n                                                            \n                                                            <div class=\"elementskit-meta-categories\">\n                                    <span class=\"elementskit-meta-wraper\">\n                                        <span><a href=\"https:\/\/alturadxb.com\/es\/category\/blog\/\" rel=\"category tag\">Blog<\/a><\/span>\n                                    <\/span>\n                                <\/div>\n                            \n                                                    <\/div><!-- .elementskit-entry-header END -->\n\n                        <div class=\"elementskit-post-body\">\n                            \n                                                                                                                <div class=\"post-meta-list\">\n                                                                                                <span class=\"meta-date\">\n\n                                \n                                <span class=\"meta-date-text\">\n                                    abril 5, 2025                                <\/span>\n                            <\/span>\n                                                                                                                                                                                                                        <span class=\"post-comment\">\n\n                                <svg aria-hidden=\"true\" class=\"e-font-icon-svg e-fas-circle\" viewbox=\"0 0 512 512\" xmlns=\"http:\/\/www.w3.org\/2000\/svg\"><path d=\"M256 8C119 8 8 119 8 256s111 248 248 248 248-111 248-248S393 8 256 8z\"><\/path><\/svg>\n                                <a href=\"https:\/\/alturadxb.com\/es\/think-about-biophilic-design-what-is-it-bringing-the-outdoors-in\/#respond\">0<\/a>\n                            <\/span>\n                                                            <\/div>\n                                                                        \n                                        \n                                        \t\t\t\t\t\t\t\t\t\t                <h2 class=\"entry-title\">\n                    <a href=\"https:\/\/alturadxb.com\/es\/think-about-biophilic-design-what-is-it-bringing-the-outdoors-in\/\">\n                            Piense en el dise\u00f1o biof\u00edlico. \u00bfQu\u00e9 es? Traer el exterior al interior.                    <\/a>\n                <\/h2>\n                                                                                                                                                    \t\t\t\t\t\t\t\t\t\t<p>As\u00ed que recientemente nos topamos con la palabra Biof\u00edlico, que nunca hab\u00edamos\u2026<\/p>\n                                                                                                                                                <\/div><!-- .elementskit-post-body END -->\n                    <\/div>\n                \n            <\/div>\t\t\t\t\n\n            <div class=\"col-lg-4 col-md-6\">\n\n                                    <div class=\"elementskit-post-image-card\">\n                        <div class=\"elementskit-entry-header\">\n                                                            <a href=\"https:\/\/alturadxb.com\/es\/where-do-i-start\/\" class=\"elementskit-entry-thumb\">\n                                    <img decoding=\"async\" src=\"https:\/\/alturadxb.com\/wp-content\/uploads\/2026\/02\/Image1-3.webp\" alt=\"Where do I start ?\">\n                                <\/a><!-- .elementskit-entry-thumb END -->\n                                                            \n                                                            <div class=\"elementskit-meta-categories\">\n                                    <span class=\"elementskit-meta-wraper\">\n                                        <span><a href=\"https:\/\/alturadxb.com\/es\/category\/blog\/\" rel=\"category tag\">Blog<\/a><\/span>\n                                    <\/span>\n                                <\/div>\n                            \n                                                    <\/div><!-- .elementskit-entry-header END -->\n\n                        <div class=\"elementskit-post-body\">\n                            \n                                                                                                                <div class=\"post-meta-list\">\n                                                                                                <span class=\"meta-date\">\n\n                                \n                                <span class=\"meta-date-text\">\n                                    mayo 28, 2023                                <\/span>\n                            <\/span>\n                                                                                                                                                                                                                        <span class=\"post-comment\">\n\n                                <svg aria-hidden=\"true\" class=\"e-font-icon-svg e-fas-circle\" viewbox=\"0 0 512 512\" xmlns=\"http:\/\/www.w3.org\/2000\/svg\"><path d=\"M256 8C119 8 8 119 8 256s111 248 248 248 248-111 248-248S393 8 256 8z\"><\/path><\/svg>\n                                <a href=\"https:\/\/alturadxb.com\/es\/where-do-i-start\/#respond\">0<\/a>\n                            <\/span>\n                                                            <\/div>\n                                                                        \n                                        \n                                        \t\t\t\t\t\t\t\t\t\t                <h2 class=\"entry-title\">\n                    <a href=\"https:\/\/alturadxb.com\/es\/where-do-i-start\/\">\n                            Por d\u00f3nde empiezo?                    <\/a>\n                <\/h2>\n                                                                                                                                                    \t\t\t\t\t\t\t\t\t\t<p>Por d\u00f3nde empezar a la hora de comprar un conjunto de muebles? \u2013 Una gu\u00eda sin estr\u00e9s\u2026<\/p>\n                                                                                                                                                <\/div><!-- .elementskit-post-body END -->\n                    <\/div>\n                \n            <\/div>\t\t\t\t\n\n            <div class=\"col-lg-4 col-md-6\">\n\n                                    <div class=\"elementskit-post-image-card\">\n                        <div class=\"elementskit-entry-header\">\n                                                            <a href=\"https:\/\/alturadxb.com\/es\/why-bespoke\/\" class=\"elementskit-entry-thumb\">\n                                    <img decoding=\"async\" src=\"https:\/\/alturadxb.com\/wp-content\/uploads\/2026\/02\/IMG_3001.webp\" alt=\"Why Bespoke\">\n                                <\/a><!-- .elementskit-entry-thumb END -->\n                                                            \n                                                            <div class=\"elementskit-meta-categories\">\n                                    <span class=\"elementskit-meta-wraper\">\n                                        <span><a href=\"https:\/\/alturadxb.com\/es\/category\/blog\/\" rel=\"category tag\">Blog<\/a><\/span>\n                                    <\/span>\n                                <\/div>\n                            \n                                                    <\/div><!-- .elementskit-entry-header END -->\n\n                        <div class=\"elementskit-post-body\">\n                            \n                                                                                                                <div class=\"post-meta-list\">\n                                                                                                <span class=\"meta-date\">\n\n                                \n                                <span class=\"meta-date-text\">\n                                    mayo 19, 2023                                <\/span>\n                            <\/span>\n                                                                                                                                                                                                                        <span class=\"post-comment\">\n\n                                <svg aria-hidden=\"true\" class=\"e-font-icon-svg e-fas-circle\" viewbox=\"0 0 512 512\" xmlns=\"http:\/\/www.w3.org\/2000\/svg\"><path d=\"M256 8C119 8 8 119 8 256s111 248 248 248 248-111 248-248S393 8 256 8z\"><\/path><\/svg>\n                                <a href=\"https:\/\/alturadxb.com\/es\/why-bespoke\/#respond\">0<\/a>\n                            <\/span>\n                                                            <\/div>\n                                                                        \n                                        \n                                        \t\t\t\t\t\t\t\t\t\t                <h2 class=\"entry-title\">\n                    <a href=\"https:\/\/alturadxb.com\/es\/why-bespoke\/\">\n                            Por qu\u00e9 a medida                    <\/a>\n                <\/h2>\n                                                                                                                                                    \t\t\t\t\t\t\t\t\t\t<p>De lo ordinario a lo extraordinario: nuestro \u00faltimo proyecto personalizado para Airbnb Cuando\u2026<\/p>\n                                                                                                                                                <\/div><!-- .elementskit-post-body END -->\n                    <\/div>\n                \n            <\/div>\t\t\t\t        <\/div>\n\n\n                    <div\n            data-ekit-blog-post-style=\"numbered\"\n            class=\"ekit-blog-post-pagination-container ekit-blog-post-pagination-style-numbered\"\n            id=\"post-nagivation--c1f4bc7\">\n                            <\/div>\n\n            <\/div>\t\t\t\t<\/div>\n\t\t\t\t<\/div>\n\t\t\t\t\t<\/div>\n\t\t\t\t<\/div>\n\t\t\t\t<\/div>","protected":false},"excerpt":{"rendered":"<p>Home Our Blog Lifestyles August 12, 2025 3 Morning rituals in nature Discover the beauty of starting your day surrounded by nature. From sipping&hellip; Private Retreats August 12, 2025 3 [&hellip;] <\/p>\n","protected":false},"author":1,"featured_media":0,"parent":0,"menu_order":0,"comment_status":"closed","ping_status":"closed","template":"elementor_header_footer","meta":{"footnotes":""},"class_list":["post-2514","page","type-page","status-publish","hentry"],"_links":{"self":[{"href":"https:\/\/alturadxb.com\/es\/wp-json\/wp\/v2\/pages\/2514","targetHints":{"allow":["GET"]}}],"collection":[{"href":"https:\/\/alturadxb.com\/es\/wp-json\/wp\/v2\/pages"}],"about":[{"href":"https:\/\/alturadxb.com\/es\/wp-json\/wp\/v2\/types\/page"}],"author":[{"embeddable":true,"href":"https:\/\/alturadxb.com\/es\/wp-json\/wp\/v2\/users\/1"}],"replies":[{"embeddable":true,"href":"https:\/\/alturadxb.com\/es\/wp-json\/wp\/v2\/comments?post=2514"}],"version-history":[{"count":0,"href":"https:\/\/alturadxb.com\/es\/wp-json\/wp\/v2\/pages\/2514\/revisions"}],"wp:attachment":[{"href":"https:\/\/alturadxb.com\/es\/wp-json\/wp\/v2\/media?parent=2514"}],"curies":[{"name":"wp","href":"https:\/\/api.w.org\/{rel}","templated":true}]}}