{"id":4680,"date":"2026-02-03T14:15:46","date_gmt":"2026-02-03T14:15:46","guid":{"rendered":"https:\/\/altura.aundigital.co\/?page_id=4680"},"modified":"2026-03-05T11:40:35","modified_gmt":"2026-03-05T11:40:35","slug":"contemporary-packages","status":"publish","type":"page","link":"https:\/\/alturadxb.com\/es\/our-furniture-packages\/contemporary-packages\/","title":{"rendered":"Paquetes Contempor\u00e1neos"},"content":{"rendered":"<div data-elementor-type=\"wp-page\" data-elementor-id=\"4680\" class=\"elementor elementor-4680\" data-elementor-post-type=\"page\">\n\t\t\t\t<div class=\"elementor-element elementor-element-c139bd6 e-con-full e-flex e-con e-parent\" data-id=\"c139bd6\" data-element_type=\"container\" data-e-type=\"container\">\n\t\t<div class=\"elementor-element elementor-element-37e8037 e-flex e-con-boxed e-con e-child\" data-id=\"37e8037\" data-element_type=\"container\" data-e-type=\"container\" data-settings=\"{&quot;background_background&quot;:&quot;classic&quot;}\">\n\t\t\t\t\t<div class=\"e-con-inner\">\n\t\t<div class=\"elementor-element elementor-element-217313a e-con-full e-flex e-con e-child\" data-id=\"217313a\" data-element_type=\"container\" data-e-type=\"container\">\n\t\t\t\t<div class=\"elementor-element elementor-element-b63bef6 elementor-widget-mobile__width-inherit elementor-invisible elementor-widget elementor-widget-elementskit-breadcrumb\" data-id=\"b63bef6\" data-element_type=\"widget\" data-e-type=\"widget\" data-settings=\"{&quot;_animation&quot;:&quot;fadeIn&quot;,&quot;ekit_we_effect_on&quot;:&quot;none&quot;}\" data-widget_type=\"elementskit-breadcrumb.default\">\n\t\t\t\t<div class=\"elementor-widget-container\">\n\t\t\t\t\t<div class=\"ekit-wid-con\" ><ol class=\"ekit-breadcrumb\"><li class=\"ekit_breadcrumbs_start\"><a href=\"https:\/\/alturadxb.com\/es\/\">Hogar<\/a><\/li> <li class=\"brd_sep\"><span class=\"separate_icon\"><i class=\"icon icon-right-arrow1\"><\/i><\/span><\/li> <li><a href=\"https:\/\/alturadxb.com\/es\/our-furniture-packages\/\" title=\"Nuestros paquetes de muebles\">Nuestros paquetes de muebles<\/a><\/li> <li class=\"brd_sep\"><span class=\"separate_icon\"><i class=\"icon icon-right-arrow1\"><\/i><\/span><\/li>  <li>Paquetes Contempor\u00e1neos<\/li><\/ol><\/div>\t\t\t\t<\/div>\n\t\t\t\t<\/div>\n\t\t\t\t<div class=\"elementor-element elementor-element-f56068b sis-heading-animation sis-animation-heading-none elementor-invisible elementor-widget elementor-widget-heading\" data-id=\"f56068b\" data-element_type=\"widget\" data-e-type=\"widget\" data-settings=\"{&quot;_animation&quot;:&quot;fadeIn&quot;,&quot;_animation_delay&quot;:100,&quot;ekit_we_effect_on&quot;:&quot;none&quot;}\" data-widget_type=\"heading.default\">\n\t\t\t\t\t<h1 class=\"elementor-heading-title elementor-size-default\">Paquetes Contempor\u00e1neos\n<\/h1>\t\t\t\t<\/div>\n\t\t\t\t<\/div>\n\t\t\t\t\t<\/div>\n\t\t\t\t<\/div>\n\t\t\t\t<\/div>\n\t\t<div class=\"elementor-element elementor-element-4e1ddc6 e-flex e-con-boxed e-con e-parent\" data-id=\"4e1ddc6\" data-element_type=\"container\" data-e-type=\"container\">\n\t\t\t\t\t<div class=\"e-con-inner\">\n\t\t\t\t<div class=\"elementor-element elementor-element-704dbf5 sis-heading-animation sis-animation-heading-none elementor-invisible elementor-widget elementor-widget-heading\" data-id=\"704dbf5\" data-element_type=\"widget\" data-e-type=\"widget\" data-settings=\"{&quot;_animation&quot;:&quot;fadeIn&quot;,&quot;_animation_delay&quot;:100,&quot;ekit_we_effect_on&quot;:&quot;none&quot;}\" data-widget_type=\"heading.default\">\n\t\t\t\t\t<h1 class=\"elementor-heading-title elementor-size-default\">Contempor\u00e1nea <\/h1>\t\t\t\t<\/div>\n\t\t\t\t<div class=\"elementor-element elementor-element-9f83c9a elementor-widget elementor-widget-text-editor\" data-id=\"9f83c9a\" data-element_type=\"widget\" data-e-type=\"widget\" data-settings=\"{&quot;ekit_we_effect_on&quot;:&quot;none&quot;}\" data-widget_type=\"text-editor.default\">\n\t\t\t\t\t\t\t\t\t<p>Adopte la vida moderna con nuestra elegante y estilosa Colecci\u00f3n Contempor\u00e1nea. Con l\u00edneas limpias, dise\u00f1os minimalistas y un equilibrio perfecto entre forma y funci\u00f3n, esta gama redefine la sofisticaci\u00f3n. Cada pieza est\u00e1 dise\u00f1ada para crear un espacio elegante y armonioso que se siente fresco, acogedor y \u00fanico.<\/p>\t\t\t\t\t\t\t\t<\/div>\n\t\t\t\t\t<\/div>\n\t\t\t\t<\/div>\n\t\t<div class=\"elementor-element elementor-element-743228a e-flex e-con-boxed e-con e-parent\" data-id=\"743228a\" data-element_type=\"container\" data-e-type=\"container\">\n\t\t\t\t\t<div class=\"e-con-inner\">\n\t\t<div class=\"elementor-element elementor-element-e819ccd e-con-full e-flex e-con e-child\" data-id=\"e819ccd\" data-element_type=\"container\" data-e-type=\"container\" data-settings=\"{&quot;background_background&quot;:&quot;classic&quot;}\">\n\t\t\t\t<div class=\"elementor-element elementor-element-c0993fa sis-image-animation sis-animation-image-none elementor-widget elementor-widget-image\" data-id=\"c0993fa\" data-element_type=\"widget\" data-e-type=\"widget\" data-settings=\"{&quot;ekit_we_effect_on&quot;:&quot;none&quot;}\" data-widget_type=\"image.default\">\n\t\t\t\t\t\t\t\t\t\t\t\t\t\t\t\t<a href=\"\/es\/producto\/contemporary-package-1\/\">\n\t\t\t\t\t\t\t<img fetchpriority=\"high\" decoding=\"async\" width=\"800\" height=\"640\" src=\"https:\/\/alturadxb.com\/wp-content\/uploads\/2026\/02\/Packages.webp\" class=\"attachment-large size-large wp-image-4629\" alt=\"\" srcset=\"https:\/\/alturadxb.com\/wp-content\/uploads\/2026\/02\/Packages.webp 999w, https:\/\/alturadxb.com\/wp-content\/uploads\/2026\/02\/Packages-600x480.webp 600w, https:\/\/alturadxb.com\/wp-content\/uploads\/2026\/02\/Packages-300x240.webp 300w, https:\/\/alturadxb.com\/wp-content\/uploads\/2026\/02\/Packages-768x614.webp 768w\" sizes=\"(max-width: 800px) 100vw, 800px\" \/>\t\t\t\t\t\t\t\t<\/a>\n\t\t\t\t\t\t\t\t\t\t\t\t\t\t\t<\/div>\n\t\t\t\t<div class=\"elementor-element elementor-element-7b03b2e sis-heading-animation sis-animation-heading-none elementor-widget elementor-widget-heading\" data-id=\"7b03b2e\" data-element_type=\"widget\" data-e-type=\"widget\" data-settings=\"{&quot;ekit_we_effect_on&quot;:&quot;none&quot;}\" data-widget_type=\"heading.default\">\n\t\t\t\t\t<h2 class=\"elementor-heading-title elementor-size-default\"><a href=\"\/es\/producto\/contemporary-package-1\/\">Contempor\u00e1neo 1<\/a><\/h2>\t\t\t\t<\/div>\n\t\t\t\t<div class=\"elementor-element elementor-element-68a8fbc sis-heading-animation sis-animation-heading-none elementor-widget elementor-widget-heading\" data-id=\"68a8fbc\" data-element_type=\"widget\" data-e-type=\"widget\" data-settings=\"{&quot;ekit_we_effect_on&quot;:&quot;none&quot;}\" data-widget_type=\"heading.default\">\n\t\t\t\t\t<h2 class=\"elementor-heading-title elementor-size-default\">Desde 31.000 AED<\/h2>\t\t\t\t<\/div>\n\t\t\t\t<div class=\"elementor-element elementor-element-eb3fecf elementor-align-center elementor-widget elementor-widget-button\" data-id=\"eb3fecf\" data-element_type=\"widget\" data-e-type=\"widget\" data-settings=\"{&quot;ekit_we_effect_on&quot;:&quot;none&quot;}\" data-widget_type=\"button.default\">\n\t\t\t\t\t\t\t\t\t\t<a class=\"elementor-button elementor-button-link elementor-size-sm\" href=\"\/es\/producto\/contemporary-package-1\/\">\n\t\t\t\t\t\t<span class=\"elementor-button-content-wrapper\">\n\t\t\t\t\t\t<span class=\"elementor-button-icon\">\n\t\t\t\t<i aria-hidden=\"true\" class=\"icon icon-right-arrow\"><\/i>\t\t\t<\/span>\n\t\t\t\t\t\t\t\t\t<span class=\"elementor-button-text\">Compra ahora<\/span>\n\t\t\t\t\t<\/span>\n\t\t\t\t\t<\/a>\n\t\t\t\t\t\t\t\t<\/div>\n\t\t\t\t<\/div>\n\t\t<div class=\"elementor-element elementor-element-e3cb4dd e-con-full e-flex e-con e-child\" data-id=\"e3cb4dd\" data-element_type=\"container\" data-e-type=\"container\" data-settings=\"{&quot;background_background&quot;:&quot;classic&quot;}\">\n\t\t\t\t<div class=\"elementor-element elementor-element-778ba9e sis-image-animation sis-animation-image-none elementor-widget elementor-widget-image\" data-id=\"778ba9e\" data-element_type=\"widget\" data-e-type=\"widget\" data-settings=\"{&quot;ekit_we_effect_on&quot;:&quot;none&quot;}\" data-widget_type=\"image.default\">\n\t\t\t\t\t\t\t\t\t\t\t\t\t\t\t\t<a href=\"\/es\/producto\/contemporary-package-2\/\">\n\t\t\t\t\t\t\t<img decoding=\"async\" width=\"800\" height=\"449\" src=\"https:\/\/alturadxb.com\/wp-content\/uploads\/2026\/02\/4-1.webp\" class=\"attachment-large size-large wp-image-4736\" alt=\"\" srcset=\"https:\/\/alturadxb.com\/wp-content\/uploads\/2026\/02\/4-1.webp 808w, https:\/\/alturadxb.com\/wp-content\/uploads\/2026\/02\/4-1-600x336.webp 600w, https:\/\/alturadxb.com\/wp-content\/uploads\/2026\/02\/4-1-300x168.webp 300w, https:\/\/alturadxb.com\/wp-content\/uploads\/2026\/02\/4-1-768x431.webp 768w\" sizes=\"(max-width: 800px) 100vw, 800px\" \/>\t\t\t\t\t\t\t\t<\/a>\n\t\t\t\t\t\t\t\t\t\t\t\t\t\t\t<\/div>\n\t\t\t\t<div class=\"elementor-element elementor-element-cb07f9a sis-heading-animation sis-animation-heading-none elementor-widget elementor-widget-heading\" data-id=\"cb07f9a\" data-element_type=\"widget\" data-e-type=\"widget\" data-settings=\"{&quot;ekit_we_effect_on&quot;:&quot;none&quot;}\" data-widget_type=\"heading.default\">\n\t\t\t\t\t<h2 class=\"elementor-heading-title elementor-size-default\"><a href=\"\/es\/producto\/contemporary-package-2\/\">Contempor\u00e1neo 2<\/a><\/h2>\t\t\t\t<\/div>\n\t\t\t\t<div class=\"elementor-element elementor-element-a5454e1 sis-heading-animation sis-animation-heading-none elementor-widget elementor-widget-heading\" data-id=\"a5454e1\" data-element_type=\"widget\" data-e-type=\"widget\" data-settings=\"{&quot;ekit_we_effect_on&quot;:&quot;none&quot;}\" data-widget_type=\"heading.default\">\n\t\t\t\t\t<h2 class=\"elementor-heading-title elementor-size-default\">Desde 35.000 AED <\/h2>\t\t\t\t<\/div>\n\t\t\t\t<div class=\"elementor-element elementor-element-50cb62e elementor-align-center elementor-widget elementor-widget-button\" data-id=\"50cb62e\" data-element_type=\"widget\" data-e-type=\"widget\" data-settings=\"{&quot;ekit_we_effect_on&quot;:&quot;none&quot;}\" data-widget_type=\"button.default\">\n\t\t\t\t\t\t\t\t\t\t<a class=\"elementor-button elementor-button-link elementor-size-sm\" href=\"\/es\/producto\/contemporary-package-2\/\">\n\t\t\t\t\t\t<span class=\"elementor-button-content-wrapper\">\n\t\t\t\t\t\t<span class=\"elementor-button-icon\">\n\t\t\t\t<i aria-hidden=\"true\" class=\"icon icon-right-arrow\"><\/i>\t\t\t<\/span>\n\t\t\t\t\t\t\t\t\t<span class=\"elementor-button-text\">Compra ahora<\/span>\n\t\t\t\t\t<\/span>\n\t\t\t\t\t<\/a>\n\t\t\t\t\t\t\t\t<\/div>\n\t\t\t\t<\/div>\n\t\t<div class=\"elementor-element elementor-element-dab2474 e-con-full e-flex e-con e-child\" data-id=\"dab2474\" data-element_type=\"container\" data-e-type=\"container\" data-settings=\"{&quot;background_background&quot;:&quot;classic&quot;}\">\n\t\t\t\t<div class=\"elementor-element elementor-element-a5cd571 sis-image-animation sis-animation-image-none elementor-widget elementor-widget-image\" data-id=\"a5cd571\" data-element_type=\"widget\" data-e-type=\"widget\" data-settings=\"{&quot;ekit_we_effect_on&quot;:&quot;none&quot;}\" data-widget_type=\"image.default\">\n\t\t\t\t\t\t\t\t\t\t\t\t\t\t\t\t<a href=\"\/es\/producto\/contemporary-package-3\/\">\n\t\t\t\t\t\t\t<img decoding=\"async\" width=\"800\" height=\"449\" src=\"https:\/\/alturadxb.com\/wp-content\/uploads\/2026\/02\/2-5.webp\" class=\"attachment-large size-large wp-image-6895\" alt=\"\" srcset=\"https:\/\/alturadxb.com\/wp-content\/uploads\/2026\/02\/2-5.webp 808w, https:\/\/alturadxb.com\/wp-content\/uploads\/2026\/02\/2-5-300x168.webp 300w, https:\/\/alturadxb.com\/wp-content\/uploads\/2026\/02\/2-5-768x431.webp 768w, https:\/\/alturadxb.com\/wp-content\/uploads\/2026\/02\/2-5-600x336.webp 600w\" sizes=\"(max-width: 800px) 100vw, 800px\" \/>\t\t\t\t\t\t\t\t<\/a>\n\t\t\t\t\t\t\t\t\t\t\t\t\t\t\t<\/div>\n\t\t\t\t<div class=\"elementor-element elementor-element-786ea59 sis-heading-animation sis-animation-heading-none elementor-widget elementor-widget-heading\" data-id=\"786ea59\" data-element_type=\"widget\" data-e-type=\"widget\" data-settings=\"{&quot;ekit_we_effect_on&quot;:&quot;none&quot;}\" data-widget_type=\"heading.default\">\n\t\t\t\t\t<h2 class=\"elementor-heading-title elementor-size-default\"><a href=\"\/es\/producto\/contemporary-package-3\/\">Contempor\u00e1neo 3<\/a><\/h2>\t\t\t\t<\/div>\n\t\t\t\t<div class=\"elementor-element elementor-element-c2489e4 sis-heading-animation sis-animation-heading-none elementor-widget elementor-widget-heading\" data-id=\"c2489e4\" data-element_type=\"widget\" data-e-type=\"widget\" data-settings=\"{&quot;ekit_we_effect_on&quot;:&quot;none&quot;}\" data-widget_type=\"heading.default\">\n\t\t\t\t\t<h2 class=\"elementor-heading-title elementor-size-default\">Desde 33.000 AED <\/h2>\t\t\t\t<\/div>\n\t\t\t\t<div class=\"elementor-element elementor-element-8ba2187 elementor-align-center elementor-widget elementor-widget-button\" data-id=\"8ba2187\" data-element_type=\"widget\" data-e-type=\"widget\" data-settings=\"{&quot;ekit_we_effect_on&quot;:&quot;none&quot;}\" data-widget_type=\"button.default\">\n\t\t\t\t\t\t\t\t\t\t<a class=\"elementor-button elementor-button-link elementor-size-sm\" href=\"\/es\/producto\/contemporary-package-3\/\">\n\t\t\t\t\t\t<span class=\"elementor-button-content-wrapper\">\n\t\t\t\t\t\t<span class=\"elementor-button-icon\">\n\t\t\t\t<i aria-hidden=\"true\" class=\"icon icon-right-arrow\"><\/i>\t\t\t<\/span>\n\t\t\t\t\t\t\t\t\t<span class=\"elementor-button-text\">Compra ahora<\/span>\n\t\t\t\t\t<\/span>\n\t\t\t\t\t<\/a>\n\t\t\t\t\t\t\t\t<\/div>\n\t\t\t\t<\/div>\n\t\t\t\t\t<\/div>\n\t\t\t\t<\/div>\n\t\t\t\t<\/div>","protected":false},"excerpt":{"rendered":"<p>Home Contemporary Packages Contemporary Embrace modern living with our sleek and stylish Contemporary Collection. Featuring clean lines, minimalist designs, and a perfect balance of form and function, this range redefines&#8230;..<\/p>","protected":false},"author":1,"featured_media":0,"parent":4604,"menu_order":0,"comment_status":"closed","ping_status":"closed","template":"elementor_header_footer","meta":{"footnotes":""},"class_list":["post-4680","page","type-page","status-publish","hentry"],"_links":{"self":[{"href":"https:\/\/alturadxb.com\/es\/wp-json\/wp\/v2\/pages\/4680","targetHints":{"allow":["GET"]}}],"collection":[{"href":"https:\/\/alturadxb.com\/es\/wp-json\/wp\/v2\/pages"}],"about":[{"href":"https:\/\/alturadxb.com\/es\/wp-json\/wp\/v2\/types\/page"}],"author":[{"embeddable":true,"href":"https:\/\/alturadxb.com\/es\/wp-json\/wp\/v2\/users\/1"}],"replies":[{"embeddable":true,"href":"https:\/\/alturadxb.com\/es\/wp-json\/wp\/v2\/comments?post=4680"}],"version-history":[{"count":0,"href":"https:\/\/alturadxb.com\/es\/wp-json\/wp\/v2\/pages\/4680\/revisions"}],"up":[{"embeddable":true,"href":"https:\/\/alturadxb.com\/es\/wp-json\/wp\/v2\/pages\/4604"}],"wp:attachment":[{"href":"https:\/\/alturadxb.com\/es\/wp-json\/wp\/v2\/media?parent=4680"}],"curies":[{"name":"wp","href":"https:\/\/api.w.org\/{rel}","templated":true}]}}