{"id":4953,"date":"2026-02-04T14:33:34","date_gmt":"2026-02-04T14:33:34","guid":{"rendered":"https:\/\/altura.aundigital.co\/?page_id=4953"},"modified":"2026-03-05T11:26:20","modified_gmt":"2026-03-05T11:26:20","slug":"consultancy","status":"publish","type":"page","link":"https:\/\/alturadxb.com\/es\/consultancy\/","title":{"rendered":"Consultor\u00eda"},"content":{"rendered":"<div data-elementor-type=\"wp-page\" data-elementor-id=\"4953\" class=\"elementor elementor-4953\" data-elementor-post-type=\"page\">\n\t\t\t\t<div class=\"elementor-element elementor-element-0771aae e-con-full e-flex e-con e-parent\" data-id=\"0771aae\" data-element_type=\"container\" data-e-type=\"container\" data-settings=\"{&quot;background_background&quot;:&quot;classic&quot;}\">\n\t\t<div class=\"elementor-element elementor-element-0e50852 e-flex e-con-boxed e-con e-child\" data-id=\"0e50852\" data-element_type=\"container\" data-e-type=\"container\" data-settings=\"{&quot;background_background&quot;:&quot;classic&quot;}\">\n\t\t\t\t\t<div class=\"e-con-inner\">\n\t\t<div class=\"elementor-element elementor-element-ab38483 e-con-full e-flex e-con e-child\" data-id=\"ab38483\" data-element_type=\"container\" data-e-type=\"container\">\n\t\t\t\t<div class=\"elementor-element elementor-element-fce39c4 elementor-invisible elementor-widget elementor-widget-elementskit-breadcrumb\" data-id=\"fce39c4\" data-element_type=\"widget\" data-e-type=\"widget\" data-settings=\"{&quot;_animation&quot;:&quot;fadeIn&quot;,&quot;ekit_we_effect_on&quot;:&quot;none&quot;}\" data-widget_type=\"elementskit-breadcrumb.default\">\n\t\t\t\t<div class=\"elementor-widget-container\">\n\t\t\t\t\t<div class=\"ekit-wid-con\" ><ol class=\"ekit-breadcrumb\"><li class=\"ekit_breadcrumbs_start\"><a href=\"https:\/\/alturadxb.com\/es\" data-no-translation=\"\" data-trp-gettext=\"\">Hogar<\/a><\/li> <li class=\"brd_sep\"><span class=\"separate_icon\"><i class=\"icon icon-right-arrow1\"><\/i><\/span><\/li>  <li>Consultor\u00eda<\/li><\/ol><\/div>\t\t\t\t<\/div>\n\t\t\t\t<\/div>\n\t\t\t\t<div class=\"elementor-element elementor-element-134cc67 sis-heading-animation sis-animation-heading-none elementor-invisible elementor-widget elementor-widget-heading\" data-id=\"134cc67\" data-element_type=\"widget\" data-e-type=\"widget\" data-settings=\"{&quot;_animation&quot;:&quot;fadeIn&quot;,&quot;_animation_delay&quot;:100,&quot;ekit_we_effect_on&quot;:&quot;none&quot;}\" data-widget_type=\"heading.default\">\n\t\t\t\t\t<h1 class=\"elementor-heading-title elementor-size-default\">Consultor\u00eda<\/h1>\t\t\t\t<\/div>\n\t\t\t\t<\/div>\n\t\t\t\t\t<\/div>\n\t\t\t\t<\/div>\n\t\t\t\t<\/div>\n\t\t<div class=\"elementor-element elementor-element-0c6f996 e-flex e-con-boxed e-con e-parent\" data-id=\"0c6f996\" data-element_type=\"container\" data-e-type=\"container\">\n\t\t\t\t\t<div class=\"e-con-inner\">\n\t\t<div class=\"elementor-element elementor-element-e372694 e-con-full e-flex e-con e-child\" data-id=\"e372694\" data-element_type=\"container\" data-e-type=\"container\" data-settings=\"{&quot;background_background&quot;:&quot;classic&quot;}\">\n\t\t\t\t<\/div>\n\t\t<div class=\"elementor-element elementor-element-29c6b79 e-con-full e-flex e-con e-child\" data-id=\"29c6b79\" data-element_type=\"container\" data-e-type=\"container\" data-settings=\"{&quot;background_background&quot;:&quot;classic&quot;}\">\n\t\t<div class=\"elementor-element elementor-element-9c1553c e-con-full e-flex e-con e-child\" data-id=\"9c1553c\" data-element_type=\"container\" data-e-type=\"container\">\n\t\t\t\t<div class=\"elementor-element elementor-element-37e4bf5 sis-heading-animation sis-animation-heading-none elementor-widget elementor-widget-heading\" data-id=\"37e4bf5\" data-element_type=\"widget\" data-e-type=\"widget\" data-settings=\"{&quot;ekit_we_effect_on&quot;:&quot;none&quot;}\" data-widget_type=\"heading.default\">\n\t\t\t\t\t<h2 class=\"elementor-heading-title elementor-size-default\">01<\/h2>\t\t\t\t<\/div>\n\t\t\t\t<div class=\"elementor-element elementor-element-8e9d185 sis-heading-animation sis-animation-heading-style-1 elementor-invisible elementor-widget elementor-widget-heading\" data-id=\"8e9d185\" data-element_type=\"widget\" data-e-type=\"widget\" data-settings=\"{&quot;_animation&quot;:&quot;fadeIn&quot;,&quot;_animation_delay&quot;:100,&quot;ekit_we_effect_on&quot;:&quot;none&quot;}\" data-widget_type=\"heading.default\">\n\t\t\t\t\t<h1 class=\"elementor-heading-title elementor-size-default\">Soluciones inmobiliarias a medida para cada cliente.<\/h1>\t\t\t\t<\/div>\n\t\t\t\t<div class=\"elementor-element elementor-element-d0f12c4 elementor-invisible elementor-widget elementor-widget-text-editor\" data-id=\"d0f12c4\" data-element_type=\"widget\" data-e-type=\"widget\" data-settings=\"{&quot;_animation&quot;:&quot;fadeInUp&quot;,&quot;ekit_we_effect_on&quot;:&quot;none&quot;}\" data-widget_type=\"text-editor.default\">\n\t\t\t\t\t\t\t\t\t<p>En Altura entendemos que cada cliente es \u00fanico. Algunos son inversionistas con objetivos financieros claros, diferentes horizontes temporales y distintos niveles de tolerancia al riesgo, mientras que otros son propietarios que buscan mudarse y construir una vida en Dub\u00e1i. Por eso, nuestro primer paso siempre es escuchar y analizar cuidadosamente sus necesidades, ya sea que su objetivo sea maximizar la rentabilidad o encontrar la casa ideal. Solo comprendiendo verdaderamente lo que busca podemos dise\u00f1ar una estrategia inmobiliaria que se ajuste a su perfil y recomendarle oportunidades que le brinden valor a largo plazo, seguridad y tranquilidad.<\/p>\t\t\t\t\t\t\t\t<\/div>\n\t\t\t\t<\/div>\n\t\t\t\t<\/div>\n\t\t\t\t\t<\/div>\n\t\t\t\t<\/div>\n\t\t<div class=\"elementor-element elementor-element-33d05c3 e-flex e-con-boxed e-con e-parent\" data-id=\"33d05c3\" data-element_type=\"container\" data-e-type=\"container\">\n\t\t\t\t\t<div class=\"e-con-inner\">\n\t\t<div class=\"elementor-element elementor-element-979b9b0 e-con-full e-flex e-con e-child\" data-id=\"979b9b0\" data-element_type=\"container\" data-e-type=\"container\" data-settings=\"{&quot;background_background&quot;:&quot;classic&quot;}\">\n\t\t<div class=\"elementor-element elementor-element-2639d8c e-con-full e-flex e-con e-child\" data-id=\"2639d8c\" data-element_type=\"container\" data-e-type=\"container\">\n\t\t\t\t<div class=\"elementor-element elementor-element-1410170 sis-heading-animation sis-animation-heading-none elementor-widget elementor-widget-heading\" data-id=\"1410170\" data-element_type=\"widget\" data-e-type=\"widget\" data-settings=\"{&quot;ekit_we_effect_on&quot;:&quot;none&quot;}\" data-widget_type=\"heading.default\">\n\t\t\t\t\t<h2 class=\"elementor-heading-title elementor-size-default\">02<\/h2>\t\t\t\t<\/div>\n\t\t\t\t<div class=\"elementor-element elementor-element-8db0074 sis-heading-animation sis-animation-heading-style-1 elementor-invisible elementor-widget elementor-widget-heading\" data-id=\"8db0074\" data-element_type=\"widget\" data-e-type=\"widget\" data-settings=\"{&quot;_animation&quot;:&quot;fadeIn&quot;,&quot;_animation_delay&quot;:100,&quot;ekit_we_effect_on&quot;:&quot;none&quot;}\" data-widget_type=\"heading.default\">\n\t\t\t\t\t<h1 class=\"elementor-heading-title elementor-size-default\">Oportunidades exclusivas fuera del mercado con alto potencial de revalorizaci\u00f3n.<\/h1>\t\t\t\t<\/div>\n\t\t\t\t<div class=\"elementor-element elementor-element-3ac4528 elementor-invisible elementor-widget elementor-widget-text-editor\" data-id=\"3ac4528\" data-element_type=\"widget\" data-e-type=\"widget\" data-settings=\"{&quot;_animation&quot;:&quot;fadeInUp&quot;,&quot;ekit_we_effect_on&quot;:&quot;none&quot;}\" data-widget_type=\"text-editor.default\">\n\t\t\t\t\t\t\t\t\t<p>Gracias a nuestra estrecha relaci\u00f3n con promotores, constructoras y actores clave del mercado en Dub\u00e1i, accedemos a oportunidades fuera del mercado, incluyendo operaciones de compraventa de activos en dificultades que nunca llegan a cotizar en bolsa. Estas oportunidades ofrecen puntos de entrada por debajo del precio de mercado y son ideales para compradores que buscan la mejor oferta posible con un alto potencial de revalorizaci\u00f3n. Para los clientes que est\u00e1n listos para actuar, permiten una apreciaci\u00f3n m\u00e1s r\u00e1pida y una rentabilidad optimizada mediante decisiones informadas y oportunas.<\/p>\t\t\t\t\t\t\t\t<\/div>\n\t\t\t\t<\/div>\n\t\t\t\t<\/div>\n\t\t<div class=\"elementor-element elementor-element-533ea6b e-con-full e-flex e-con e-child\" data-id=\"533ea6b\" data-element_type=\"container\" data-e-type=\"container\" data-settings=\"{&quot;background_background&quot;:&quot;classic&quot;}\">\n\t\t\t\t<\/div>\n\t\t\t\t\t<\/div>\n\t\t\t\t<\/div>\n\t\t<div class=\"elementor-element elementor-element-2e411ca e-flex e-con-boxed e-con e-parent\" data-id=\"2e411ca\" data-element_type=\"container\" data-e-type=\"container\">\n\t\t\t\t\t<div class=\"e-con-inner\">\n\t\t<div class=\"elementor-element elementor-element-58812b6 e-con-full e-flex e-con e-child\" data-id=\"58812b6\" data-element_type=\"container\" data-e-type=\"container\" data-settings=\"{&quot;background_background&quot;:&quot;classic&quot;}\">\n\t\t<div class=\"elementor-element elementor-element-a9d65b0 e-con-full e-flex e-con e-child\" data-id=\"a9d65b0\" data-element_type=\"container\" data-e-type=\"container\">\n\t\t\t\t<div class=\"elementor-element elementor-element-afe7cd9 sis-heading-animation sis-animation-heading-none elementor-widget elementor-widget-heading\" data-id=\"afe7cd9\" data-element_type=\"widget\" data-e-type=\"widget\" data-settings=\"{&quot;ekit_we_effect_on&quot;:&quot;none&quot;}\" data-widget_type=\"heading.default\">\n\t\t\t\t\t<h2 class=\"elementor-heading-title elementor-size-default\">03<\/h2>\t\t\t\t<\/div>\n\t\t\t\t<div class=\"elementor-element elementor-element-1de3a21 sis-heading-animation sis-animation-heading-style-1 elementor-invisible elementor-widget elementor-widget-heading\" data-id=\"1de3a21\" data-element_type=\"widget\" data-e-type=\"widget\" data-settings=\"{&quot;_animation&quot;:&quot;fadeIn&quot;,&quot;_animation_delay&quot;:100,&quot;ekit_we_effect_on&quot;:&quot;none&quot;}\" data-widget_type=\"heading.default\">\n\t\t\t\t\t<h1 class=\"elementor-heading-title elementor-size-default\">Acceso anticipado a oportunidades de compra sobre plano<\/h1>\t\t\t\t<\/div>\n\t\t\t\t<div class=\"elementor-element elementor-element-1ed3f4d elementor-invisible elementor-widget elementor-widget-text-editor\" data-id=\"1ed3f4d\" data-element_type=\"widget\" data-e-type=\"widget\" data-settings=\"{&quot;_animation&quot;:&quot;fadeInUp&quot;,&quot;ekit_we_effect_on&quot;:&quot;none&quot;}\" data-widget_type=\"text-editor.default\">\n\t\t\t\t\t\t\t\t\t<p>Para quienes buscan planificar a mediano plazo, ofrecemos acceso privilegiado a proyectos sobre plano en Dub\u00e1i. Estas negociaciones directas con promotores l\u00edderes permiten a nuestros clientes adquirir propiedades en fases iniciales, con planes de pago flexibles, mayor rentabilidad potencial y revalorizaci\u00f3n del capital a medida que avanza el proyecto. Esta es una estrategia ideal para inversores que buscan diversificaci\u00f3n y crecimiento sostenido en un mercado en expansi\u00f3n.<\/p>\t\t\t\t\t\t\t\t<\/div>\n\t\t\t\t<\/div>\n\t\t\t\t<\/div>\n\t\t<div class=\"elementor-element elementor-element-7c3892c e-con-full e-flex e-con e-child\" data-id=\"7c3892c\" data-element_type=\"container\" data-e-type=\"container\" data-settings=\"{&quot;background_background&quot;:&quot;classic&quot;}\">\n\t\t\t\t<\/div>\n\t\t\t\t\t<\/div>\n\t\t\t\t<\/div>\n\t\t<div class=\"elementor-element elementor-element-1218704 e-flex e-con-boxed e-con e-parent\" data-id=\"1218704\" data-element_type=\"container\" data-e-type=\"container\">\n\t\t\t\t\t<div class=\"e-con-inner\">\n\t\t<div class=\"elementor-element elementor-element-dee61fa e-con-full e-flex e-con e-child\" data-id=\"dee61fa\" data-element_type=\"container\" data-e-type=\"container\" data-settings=\"{&quot;background_background&quot;:&quot;classic&quot;}\">\n\t\t<div class=\"elementor-element elementor-element-341e4db e-con-full e-flex e-con e-child\" data-id=\"341e4db\" data-element_type=\"container\" data-e-type=\"container\">\n\t\t\t\t<div class=\"elementor-element elementor-element-0278d7e sis-heading-animation sis-animation-heading-none elementor-widget elementor-widget-heading\" data-id=\"0278d7e\" data-element_type=\"widget\" data-e-type=\"widget\" data-settings=\"{&quot;ekit_we_effect_on&quot;:&quot;none&quot;}\" data-widget_type=\"heading.default\">\n\t\t\t\t\t<h2 class=\"elementor-heading-title elementor-size-default\">04<\/h2>\t\t\t\t<\/div>\n\t\t\t\t<div class=\"elementor-element elementor-element-e64f5bc sis-heading-animation sis-animation-heading-style-1 elementor-invisible elementor-widget elementor-widget-heading\" data-id=\"e64f5bc\" data-element_type=\"widget\" data-e-type=\"widget\" data-settings=\"{&quot;_animation&quot;:&quot;fadeIn&quot;,&quot;_animation_delay&quot;:100,&quot;ekit_we_effect_on&quot;:&quot;none&quot;}\" data-widget_type=\"heading.default\">\n\t\t\t\t\t<h1 class=\"elementor-heading-title elementor-size-default\">Alcance global, experiencia local con RE\/MAX.<\/h1>\t\t\t\t<\/div>\n\t\t\t\t<div class=\"elementor-element elementor-element-15a35b5 elementor-invisible elementor-widget elementor-widget-text-editor\" data-id=\"15a35b5\" data-element_type=\"widget\" data-e-type=\"widget\" data-settings=\"{&quot;_animation&quot;:&quot;fadeInUp&quot;,&quot;ekit_we_effect_on&quot;:&quot;none&quot;}\" data-widget_type=\"text-editor.default\">\n\t\t\t\t\t\t\t\t\t<p>Nos enorgullece formar parte de la familia RE\/MAX, la red inmobiliaria m\u00e1s grande y reconocida del mundo, con presencia en m\u00e1s de 110 pa\u00edses y m\u00e1s de 140\u00a0000 agentes. Este respaldo global nos brinda acceso a una amplia red de compradores, inversores y profesionales del sector, lo que nos permite ofrecer a nuestros clientes oportunidades \u00fanicas y estrategias de marketing con alcance internacional. Ser parte de RE\/MAX significa contar con el respaldo de una marca s\u00f3lida, herramientas tecnol\u00f3gicas avanzadas, formaci\u00f3n continua y un compromiso compartido con la excelencia, la transparencia y los resultados. Gracias a esta alianza, podemos ofrecerle una experiencia inmobiliaria de primera clase, con la confianza y la seguridad que solo una marca global puede brindar.<\/p>\t\t\t\t\t\t\t\t<\/div>\n\t\t\t\t<\/div>\n\t\t\t\t<\/div>\n\t\t<div class=\"elementor-element elementor-element-3364312 e-con-full e-flex e-con e-child\" data-id=\"3364312\" data-element_type=\"container\" data-e-type=\"container\" data-settings=\"{&quot;background_background&quot;:&quot;classic&quot;}\">\n\t\t\t\t<\/div>\n\t\t\t\t\t<\/div>\n\t\t\t\t<\/div>\n\t\t<div class=\"elementor-element elementor-element-78cfe59 e-flex e-con-boxed e-con e-parent\" data-id=\"78cfe59\" data-element_type=\"container\" data-e-type=\"container\">\n\t\t\t\t\t<div class=\"e-con-inner\">\n\t\t<div class=\"elementor-element elementor-element-33107d7 e-con-full e-flex e-con e-child\" data-id=\"33107d7\" data-element_type=\"container\" data-e-type=\"container\" data-settings=\"{&quot;background_background&quot;:&quot;classic&quot;}\">\n\t\t<div class=\"elementor-element elementor-element-92bba21 e-con-full e-flex e-con e-child\" data-id=\"92bba21\" data-element_type=\"container\" data-e-type=\"container\">\n\t\t\t\t<div class=\"elementor-element elementor-element-9251766 sis-heading-animation sis-animation-heading-none elementor-widget elementor-widget-heading\" data-id=\"9251766\" data-element_type=\"widget\" data-e-type=\"widget\" data-settings=\"{&quot;ekit_we_effect_on&quot;:&quot;none&quot;}\" data-widget_type=\"heading.default\">\n\t\t\t\t\t<h2 class=\"elementor-heading-title elementor-size-default\">05<\/h2>\t\t\t\t<\/div>\n\t\t\t\t<div class=\"elementor-element elementor-element-848bf50 sis-heading-animation sis-animation-heading-style-1 elementor-invisible elementor-widget elementor-widget-heading\" data-id=\"848bf50\" data-element_type=\"widget\" data-e-type=\"widget\" data-settings=\"{&quot;_animation&quot;:&quot;fadeIn&quot;,&quot;_animation_delay&quot;:100,&quot;ekit_we_effect_on&quot;:&quot;none&quot;}\" data-widget_type=\"heading.default\">\n\t\t\t\t\t<h1 class=\"elementor-heading-title elementor-size-default\">Inversiones de alta rentabilidad listas para entrar a vivir.<\/h1>\t\t\t\t<\/div>\n\t\t\t\t<div class=\"elementor-element elementor-element-de2c063 elementor-invisible elementor-widget elementor-widget-text-editor\" data-id=\"de2c063\" data-element_type=\"widget\" data-e-type=\"widget\" data-settings=\"{&quot;_animation&quot;:&quot;fadeInUp&quot;,&quot;ekit_we_effect_on&quot;:&quot;none&quot;}\" data-widget_type=\"text-editor.default\">\n\t\t\t\t\t\t\t\t\t<p>Respaldados por una trayectoria comprobada de an\u00e1lisis continuo del mercado, identificamos las mejores oportunidades para los inversores que priorizan el flujo de caja mensual inmediato.<strong>.<\/strong> Todos nuestros an\u00e1lisis provienen de entidades gubernamentales oficiales y fuentes de mercado confiables, lo que garantiza que las decisiones se basen en datos verificados, no en suposiciones. Nos especializamos en propiedades listas para habitar en zonas de alta demanda, tanto para alquileres a corto como a largo plazo, ofreciendo una ocupaci\u00f3n constante, ingresos estables y una combinaci\u00f3n equilibrada de seguridad del activo y rentabilidad inmediata.<\/p>\t\t\t\t\t\t\t\t<\/div>\n\t\t\t\t<\/div>\n\t\t\t\t<\/div>\n\t\t<div class=\"elementor-element elementor-element-35f457b e-con-full e-flex e-con e-child\" data-id=\"35f457b\" data-element_type=\"container\" data-e-type=\"container\" data-settings=\"{&quot;background_background&quot;:&quot;classic&quot;}\">\n\t\t\t\t<\/div>\n\t\t\t\t\t<\/div>\n\t\t\t\t<\/div>\n\t\t<div class=\"elementor-element elementor-element-22c17c9 e-con-full e-flex e-con e-parent\" data-id=\"22c17c9\" data-element_type=\"container\" data-e-type=\"container\">\n\t\t<div class=\"elementor-element elementor-element-82fd059 e-flex e-con-boxed e-con e-child\" data-id=\"82fd059\" data-element_type=\"container\" data-e-type=\"container\" data-settings=\"{&quot;background_background&quot;:&quot;classic&quot;}\">\n\t\t\t\t\t<div class=\"e-con-inner\">\n\t\t<div class=\"elementor-element elementor-element-7118c1c e-con-full e-flex e-con e-child\" data-id=\"7118c1c\" data-element_type=\"container\" data-e-type=\"container\">\n\t\t\t\t<div class=\"elementor-element elementor-element-78d9478 sis-heading-animation sis-animation-heading-style-1 elementor-invisible elementor-widget elementor-widget-heading\" data-id=\"78d9478\" data-element_type=\"widget\" data-e-type=\"widget\" data-settings=\"{&quot;_animation&quot;:&quot;fadeIn&quot;,&quot;_animation_delay&quot;:100,&quot;ekit_we_effect_on&quot;:&quot;none&quot;}\" data-widget_type=\"heading.default\">\n\t\t\t\t\t<h1 class=\"elementor-heading-title elementor-size-default\">Comience hoy mismo su b\u00fasqueda de propiedades en Dub\u00e1i.<\/h1>\t\t\t\t<\/div>\n\t\t\t\t<div class=\"elementor-element elementor-element-8af4e6f elementor-invisible elementor-widget elementor-widget-text-editor\" data-id=\"8af4e6f\" data-element_type=\"widget\" data-e-type=\"widget\" data-settings=\"{&quot;_animation&quot;:&quot;fadeInUp&quot;,&quot;ekit_we_effect_on&quot;:&quot;none&quot;}\" data-widget_type=\"text-editor.default\">\n\t\t\t\t\t\t\t\t\t<p>Ya sea que desee invertir, mudarse o adquirir la casa de sus sue\u00f1os, Altura lo guiar\u00e1 en cada paso del proceso. Acceda a oportunidades exclusivas, an\u00e1lisis de expertos y estrategias personalizadas adaptadas a sus objetivos.<\/p>\t\t\t\t\t\t\t\t<\/div>\n\t\t\t\t<div class=\"elementor-element elementor-element-e60f33d elementor-widget elementor-widget-button\" data-id=\"e60f33d\" data-element_type=\"widget\" data-e-type=\"widget\" data-settings=\"{&quot;ekit_we_effect_on&quot;:&quot;none&quot;}\" data-widget_type=\"button.default\">\n\t\t\t\t\t\t\t\t\t\t<a class=\"elementor-button elementor-button-link elementor-size-sm\" href=\"#elementor-action%3Aaction%3Dpopup%3Aopen%26settings%3DeyJpZCI6IjQ5MzUiLCJ0b2dnbGUiOmZhbHNlfQ%3D%3D\">\n\t\t\t\t\t\t<span class=\"elementor-button-content-wrapper\">\n\t\t\t\t\t\t\t\t\t<span class=\"elementor-button-text\">Comience a usar Altura<\/span>\n\t\t\t\t\t<\/span>\n\t\t\t\t\t<\/a>\n\t\t\t\t\t\t\t\t<\/div>\n\t\t\t\t<\/div>\n\t\t\t\t\t<\/div>\n\t\t\t\t<\/div>\n\t\t\t\t<\/div>\n\t\t\t\t<\/div>","protected":false},"excerpt":{"rendered":"<p>Home Consultancy 01 Tailored Real Estate Solutions for Every Client At Altura we understand that every client is unique. Some are investors with clear financial objectives, different time horizons, and&#8230;..<\/p>","protected":false},"author":1,"featured_media":0,"parent":0,"menu_order":0,"comment_status":"closed","ping_status":"closed","template":"elementor_header_footer","meta":{"footnotes":""},"class_list":["post-4953","page","type-page","status-publish","hentry"],"_links":{"self":[{"href":"https:\/\/alturadxb.com\/es\/wp-json\/wp\/v2\/pages\/4953","targetHints":{"allow":["GET"]}}],"collection":[{"href":"https:\/\/alturadxb.com\/es\/wp-json\/wp\/v2\/pages"}],"about":[{"href":"https:\/\/alturadxb.com\/es\/wp-json\/wp\/v2\/types\/page"}],"author":[{"embeddable":true,"href":"https:\/\/alturadxb.com\/es\/wp-json\/wp\/v2\/users\/1"}],"replies":[{"embeddable":true,"href":"https:\/\/alturadxb.com\/es\/wp-json\/wp\/v2\/comments?post=4953"}],"version-history":[{"count":0,"href":"https:\/\/alturadxb.com\/es\/wp-json\/wp\/v2\/pages\/4953\/revisions"}],"wp:attachment":[{"href":"https:\/\/alturadxb.com\/es\/wp-json\/wp\/v2\/media?parent=4953"}],"curies":[{"name":"wp","href":"https:\/\/api.w.org\/{rel}","templated":true}]}}