{"id":5188,"date":"2026-02-09T08:45:00","date_gmt":"2026-02-09T08:45:00","guid":{"rendered":"https:\/\/altura.aundigital.co\/?page_id=5188"},"modified":"2026-03-05T11:44:02","modified_gmt":"2026-03-05T11:44:02","slug":"opulent","status":"publish","type":"page","link":"https:\/\/alturadxb.com\/es\/our-furniture-packages\/opulent\/","title":{"rendered":"Opulenta"},"content":{"rendered":"<div data-elementor-type=\"wp-page\" data-elementor-id=\"5188\" class=\"elementor elementor-5188\" data-elementor-post-type=\"page\">\n\t\t\t\t<div class=\"elementor-element elementor-element-c139bd6 e-con-full e-flex e-con e-parent\" data-id=\"c139bd6\" data-element_type=\"container\" data-e-type=\"container\">\n\t\t<div class=\"elementor-element elementor-element-37e8037 e-flex e-con-boxed e-con e-child\" data-id=\"37e8037\" data-element_type=\"container\" data-e-type=\"container\" data-settings=\"{&quot;background_background&quot;:&quot;classic&quot;}\">\n\t\t\t\t\t<div class=\"e-con-inner\">\n\t\t<div class=\"elementor-element elementor-element-217313a e-con-full e-flex e-con e-child\" data-id=\"217313a\" data-element_type=\"container\" data-e-type=\"container\">\n\t\t\t\t<div class=\"elementor-element elementor-element-b63bef6 elementor-invisible elementor-widget elementor-widget-elementskit-breadcrumb\" data-id=\"b63bef6\" data-element_type=\"widget\" data-e-type=\"widget\" data-settings=\"{&quot;_animation&quot;:&quot;fadeIn&quot;,&quot;ekit_we_effect_on&quot;:&quot;none&quot;}\" data-widget_type=\"elementskit-breadcrumb.default\">\n\t\t\t\t<div class=\"elementor-widget-container\">\n\t\t\t\t\t<div class=\"ekit-wid-con\" ><ol class=\"ekit-breadcrumb\"><li class=\"ekit_breadcrumbs_start\"><a href=\"https:\/\/alturadxb.com\/es\">Hogar<\/a><\/li><\/ol><\/div>\t\t\t\t<\/div>\n\t\t\t\t<\/div>\n\t\t\t\t<div class=\"elementor-element elementor-element-f56068b sis-heading-animation sis-animation-heading-none elementor-invisible elementor-widget elementor-widget-heading\" data-id=\"f56068b\" data-element_type=\"widget\" data-e-type=\"widget\" data-settings=\"{&quot;_animation&quot;:&quot;fadeIn&quot;,&quot;_animation_delay&quot;:100,&quot;ekit_we_effect_on&quot;:&quot;none&quot;}\" data-widget_type=\"heading.default\">\n\t\t\t\t\t<h1 class=\"elementor-heading-title elementor-size-default\">Paquete opulento<\/h1>\t\t\t\t<\/div>\n\t\t\t\t<\/div>\n\t\t\t\t\t<\/div>\n\t\t\t\t<\/div>\n\t\t\t\t<\/div>\n\t\t<div class=\"elementor-element elementor-element-09decd4 e-flex e-con-boxed e-con e-parent\" data-id=\"09decd4\" data-element_type=\"container\" data-e-type=\"container\">\n\t\t\t\t\t<div class=\"e-con-inner\">\n\t\t\t\t<div class=\"elementor-element elementor-element-29b3be6 sis-heading-animation sis-animation-heading-none elementor-invisible elementor-widget elementor-widget-heading\" data-id=\"29b3be6\" data-element_type=\"widget\" data-e-type=\"widget\" data-settings=\"{&quot;_animation&quot;:&quot;fadeIn&quot;,&quot;_animation_delay&quot;:100,&quot;ekit_we_effect_on&quot;:&quot;none&quot;}\" data-widget_type=\"heading.default\">\n\t\t\t\t\t<h1 class=\"elementor-heading-title elementor-size-default\">Opulenta<\/h1>\t\t\t\t<\/div>\n\t\t\t\t<div class=\"elementor-element elementor-element-f024672 elementor-widget elementor-widget-text-editor\" data-id=\"f024672\" data-element_type=\"widget\" data-e-type=\"widget\" data-settings=\"{&quot;ekit_we_effect_on&quot;:&quot;none&quot;}\" data-widget_type=\"text-editor.default\">\n\t\t\t\t\t\t\t\t\t<p>Disfrute del lujo con nuestra Colecci\u00f3n Opulenta, dise\u00f1ada para irradiar elegancia y sofisticaci\u00f3n. Con ricas texturas, piezas impactantes y una exquisita artesan\u00eda, esta gama transforma cualquier espacio en un refugio lujoso y atemporal.<\/p>\t\t\t\t\t\t\t\t<\/div>\n\t\t\t\t\t<\/div>\n\t\t\t\t<\/div>\n\t\t<div class=\"elementor-element elementor-element-90cf187 e-flex e-con-boxed e-con e-parent\" data-id=\"90cf187\" data-element_type=\"container\" data-e-type=\"container\">\n\t\t\t\t\t<div class=\"e-con-inner\">\n\t\t<div class=\"elementor-element elementor-element-f19263b e-con-full e-flex e-con e-child\" data-id=\"f19263b\" data-element_type=\"container\" data-e-type=\"container\" data-settings=\"{&quot;background_background&quot;:&quot;classic&quot;}\">\n\t\t\t\t<div class=\"elementor-element elementor-element-ed26272 sis-image-animation sis-animation-image-none elementor-widget elementor-widget-image\" data-id=\"ed26272\" data-element_type=\"widget\" data-e-type=\"widget\" data-settings=\"{&quot;ekit_we_effect_on&quot;:&quot;none&quot;}\" data-widget_type=\"image.default\">\n\t\t\t\t\t\t\t\t\t\t\t\t\t\t\t\t<a href=\"\/es\/producto\/opulent-package-1\/\">\n\t\t\t\t\t\t\t<img fetchpriority=\"high\" decoding=\"async\" width=\"800\" height=\"639\" src=\"https:\/\/alturadxb.com\/wp-content\/uploads\/2026\/02\/tempImageDYP3Gh-1.webp\" class=\"attachment-large size-large wp-image-6093\" alt=\"\" srcset=\"https:\/\/alturadxb.com\/wp-content\/uploads\/2026\/02\/tempImageDYP3Gh-1.webp 960w, https:\/\/alturadxb.com\/wp-content\/uploads\/2026\/02\/tempImageDYP3Gh-1-600x479.webp 600w, https:\/\/alturadxb.com\/wp-content\/uploads\/2026\/02\/tempImageDYP3Gh-1-300x240.webp 300w, https:\/\/alturadxb.com\/wp-content\/uploads\/2026\/02\/tempImageDYP3Gh-1-768x614.webp 768w\" sizes=\"(max-width: 800px) 100vw, 800px\" \/>\t\t\t\t\t\t\t\t<\/a>\n\t\t\t\t\t\t\t\t\t\t\t\t\t\t\t<\/div>\n\t\t\t\t<div class=\"elementor-element elementor-element-15dc3c5 sis-heading-animation sis-animation-heading-none elementor-widget elementor-widget-heading\" data-id=\"15dc3c5\" data-element_type=\"widget\" data-e-type=\"widget\" data-settings=\"{&quot;ekit_we_effect_on&quot;:&quot;none&quot;}\" data-widget_type=\"heading.default\">\n\t\t\t\t\t<h2 class=\"elementor-heading-title elementor-size-default\"><a href=\"\/es\/producto\/opulent-package-1\/\">Opulento 1<\/a><\/h2>\t\t\t\t<\/div>\n\t\t\t\t<div class=\"elementor-element elementor-element-367e35d sis-heading-animation sis-animation-heading-none elementor-widget elementor-widget-heading\" data-id=\"367e35d\" data-element_type=\"widget\" data-e-type=\"widget\" data-settings=\"{&quot;ekit_we_effect_on&quot;:&quot;none&quot;}\" data-widget_type=\"heading.default\">\n\t\t\t\t\t<h2 class=\"elementor-heading-title elementor-size-default\">Desde 41.000 AED<\/h2>\t\t\t\t<\/div>\n\t\t\t\t<div class=\"elementor-element elementor-element-b02244d elementor-align-center elementor-widget elementor-widget-button\" data-id=\"b02244d\" data-element_type=\"widget\" data-e-type=\"widget\" data-settings=\"{&quot;ekit_we_effect_on&quot;:&quot;none&quot;}\" data-widget_type=\"button.default\">\n\t\t\t\t\t\t\t\t\t\t<a class=\"elementor-button elementor-button-link elementor-size-sm\" href=\"\/es\/producto\/opulent-package-1\/\">\n\t\t\t\t\t\t<span class=\"elementor-button-content-wrapper\">\n\t\t\t\t\t\t<span class=\"elementor-button-icon\">\n\t\t\t\t<i aria-hidden=\"true\" class=\"icon icon-right-arrow\"><\/i>\t\t\t<\/span>\n\t\t\t\t\t\t\t\t\t<span class=\"elementor-button-text\">Compra ahora<\/span>\n\t\t\t\t\t<\/span>\n\t\t\t\t\t<\/a>\n\t\t\t\t\t\t\t\t<\/div>\n\t\t\t\t<\/div>\n\t\t<div class=\"elementor-element elementor-element-38c43f8 e-con-full e-flex e-con e-child\" data-id=\"38c43f8\" data-element_type=\"container\" data-e-type=\"container\" data-settings=\"{&quot;background_background&quot;:&quot;classic&quot;}\">\n\t\t\t\t<div class=\"elementor-element elementor-element-f89f38d sis-image-animation sis-animation-image-none elementor-widget elementor-widget-image\" data-id=\"f89f38d\" data-element_type=\"widget\" data-e-type=\"widget\" data-settings=\"{&quot;ekit_we_effect_on&quot;:&quot;none&quot;}\" data-widget_type=\"image.default\">\n\t\t\t\t\t\t\t\t\t\t\t\t\t\t\t\t<a href=\"\/es\/producto\/opulent-package-2\/\">\n\t\t\t\t\t\t\t<img decoding=\"async\" width=\"550\" height=\"550\" src=\"https:\/\/alturadxb.com\/wp-content\/uploads\/2026\/02\/Image22-1.webp\" class=\"attachment-large size-large wp-image-6108\" alt=\"\" srcset=\"https:\/\/alturadxb.com\/wp-content\/uploads\/2026\/02\/Image22-1.webp 550w, https:\/\/alturadxb.com\/wp-content\/uploads\/2026\/02\/Image22-1-300x300.webp 300w, https:\/\/alturadxb.com\/wp-content\/uploads\/2026\/02\/Image22-1-100x100.webp 100w, https:\/\/alturadxb.com\/wp-content\/uploads\/2026\/02\/Image22-1-150x150.webp 150w\" sizes=\"(max-width: 550px) 100vw, 550px\" \/>\t\t\t\t\t\t\t\t<\/a>\n\t\t\t\t\t\t\t\t\t\t\t\t\t\t\t<\/div>\n\t\t\t\t<div class=\"elementor-element elementor-element-7c11c0d sis-heading-animation sis-animation-heading-none elementor-widget elementor-widget-heading\" data-id=\"7c11c0d\" data-element_type=\"widget\" data-e-type=\"widget\" data-settings=\"{&quot;ekit_we_effect_on&quot;:&quot;none&quot;}\" data-widget_type=\"heading.default\">\n\t\t\t\t\t<h2 class=\"elementor-heading-title elementor-size-default\"><a href=\"\/es\/producto\/opulent-package-2\/\">Opulento 2<\/a><\/h2>\t\t\t\t<\/div>\n\t\t\t\t<div class=\"elementor-element elementor-element-6b6901e sis-heading-animation sis-animation-heading-none elementor-widget elementor-widget-heading\" data-id=\"6b6901e\" data-element_type=\"widget\" data-e-type=\"widget\" data-settings=\"{&quot;ekit_we_effect_on&quot;:&quot;none&quot;}\" data-widget_type=\"heading.default\">\n\t\t\t\t\t<h2 class=\"elementor-heading-title elementor-size-default\">Desde 40.000 AED <\/h2>\t\t\t\t<\/div>\n\t\t\t\t<div class=\"elementor-element elementor-element-10813e3 elementor-align-center elementor-widget elementor-widget-button\" data-id=\"10813e3\" data-element_type=\"widget\" data-e-type=\"widget\" data-settings=\"{&quot;ekit_we_effect_on&quot;:&quot;none&quot;}\" data-widget_type=\"button.default\">\n\t\t\t\t\t\t\t\t\t\t<a class=\"elementor-button elementor-button-link elementor-size-sm\" href=\"\/es\/producto\/opulent-package-2\/\">\n\t\t\t\t\t\t<span class=\"elementor-button-content-wrapper\">\n\t\t\t\t\t\t<span class=\"elementor-button-icon\">\n\t\t\t\t<i aria-hidden=\"true\" class=\"icon icon-right-arrow\"><\/i>\t\t\t<\/span>\n\t\t\t\t\t\t\t\t\t<span class=\"elementor-button-text\">Compra ahora<\/span>\n\t\t\t\t\t<\/span>\n\t\t\t\t\t<\/a>\n\t\t\t\t\t\t\t\t<\/div>\n\t\t\t\t<\/div>\n\t\t<div class=\"elementor-element elementor-element-5f1fde4 e-con-full e-flex e-con e-child\" data-id=\"5f1fde4\" data-element_type=\"container\" data-e-type=\"container\" data-settings=\"{&quot;background_background&quot;:&quot;classic&quot;}\">\n\t\t\t\t<div class=\"elementor-element elementor-element-8395c21 sis-image-animation sis-animation-image-none elementor-widget elementor-widget-image\" data-id=\"8395c21\" data-element_type=\"widget\" data-e-type=\"widget\" data-settings=\"{&quot;ekit_we_effect_on&quot;:&quot;none&quot;}\" data-widget_type=\"image.default\">\n\t\t\t\t\t\t\t\t\t\t\t\t\t\t\t\t<a href=\"\/es\/producto\/opulent-package-3\/\">\n\t\t\t\t\t\t\t<img decoding=\"async\" width=\"800\" height=\"640\" src=\"https:\/\/alturadxb.com\/wp-content\/uploads\/2026\/02\/Image-1.webp\" class=\"attachment-large size-large wp-image-6115\" alt=\"\" srcset=\"https:\/\/alturadxb.com\/wp-content\/uploads\/2026\/02\/Image-1.webp 800w, https:\/\/alturadxb.com\/wp-content\/uploads\/2026\/02\/Image-1-600x480.webp 600w, https:\/\/alturadxb.com\/wp-content\/uploads\/2026\/02\/Image-1-300x240.webp 300w, https:\/\/alturadxb.com\/wp-content\/uploads\/2026\/02\/Image-1-768x614.webp 768w\" sizes=\"(max-width: 800px) 100vw, 800px\" \/>\t\t\t\t\t\t\t\t<\/a>\n\t\t\t\t\t\t\t\t\t\t\t\t\t\t\t<\/div>\n\t\t\t\t<div class=\"elementor-element elementor-element-c0ea1eb sis-heading-animation sis-animation-heading-none elementor-widget elementor-widget-heading\" data-id=\"c0ea1eb\" data-element_type=\"widget\" data-e-type=\"widget\" data-settings=\"{&quot;ekit_we_effect_on&quot;:&quot;none&quot;}\" data-widget_type=\"heading.default\">\n\t\t\t\t\t<h2 class=\"elementor-heading-title elementor-size-default\"><a href=\"\/es\/producto\/opulent-package-3\/\">Opulento 3<\/a><\/h2>\t\t\t\t<\/div>\n\t\t\t\t<div class=\"elementor-element elementor-element-cea717d sis-heading-animation sis-animation-heading-none elementor-widget elementor-widget-heading\" data-id=\"cea717d\" data-element_type=\"widget\" data-e-type=\"widget\" data-settings=\"{&quot;ekit_we_effect_on&quot;:&quot;none&quot;}\" data-widget_type=\"heading.default\">\n\t\t\t\t\t<h2 class=\"elementor-heading-title elementor-size-default\">Desde 41.000 AED <\/h2>\t\t\t\t<\/div>\n\t\t\t\t<div class=\"elementor-element elementor-element-70362bb elementor-align-center elementor-widget elementor-widget-button\" data-id=\"70362bb\" data-element_type=\"widget\" data-e-type=\"widget\" data-settings=\"{&quot;ekit_we_effect_on&quot;:&quot;none&quot;}\" data-widget_type=\"button.default\">\n\t\t\t\t\t\t\t\t\t\t<a class=\"elementor-button elementor-button-link elementor-size-sm\" href=\"\/es\/producto\/opulent-package-3\/\">\n\t\t\t\t\t\t<span class=\"elementor-button-content-wrapper\">\n\t\t\t\t\t\t<span class=\"elementor-button-icon\">\n\t\t\t\t<i aria-hidden=\"true\" class=\"icon icon-right-arrow\"><\/i>\t\t\t<\/span>\n\t\t\t\t\t\t\t\t\t<span class=\"elementor-button-text\">Compra ahora<\/span>\n\t\t\t\t\t<\/span>\n\t\t\t\t\t<\/a>\n\t\t\t\t\t\t\t\t<\/div>\n\t\t\t\t<\/div>\n\t\t\t\t\t<\/div>\n\t\t\t\t<\/div>\n\t\t\t\t<\/div>","protected":false},"excerpt":{"rendered":"<p>Home Opulent Package Opulent Indulge in luxury with our Opulent Collection, designed to exude elegance and sophistication. Featuring rich textures, statement pieces, and exquisite craftsmanship, this range transforms any space&#8230;..<\/p>","protected":false},"author":1,"featured_media":0,"parent":4604,"menu_order":0,"comment_status":"closed","ping_status":"closed","template":"elementor_header_footer","meta":{"footnotes":""},"class_list":["post-5188","page","type-page","status-publish","hentry"],"_links":{"self":[{"href":"https:\/\/alturadxb.com\/es\/wp-json\/wp\/v2\/pages\/5188","targetHints":{"allow":["GET"]}}],"collection":[{"href":"https:\/\/alturadxb.com\/es\/wp-json\/wp\/v2\/pages"}],"about":[{"href":"https:\/\/alturadxb.com\/es\/wp-json\/wp\/v2\/types\/page"}],"author":[{"embeddable":true,"href":"https:\/\/alturadxb.com\/es\/wp-json\/wp\/v2\/users\/1"}],"replies":[{"embeddable":true,"href":"https:\/\/alturadxb.com\/es\/wp-json\/wp\/v2\/comments?post=5188"}],"version-history":[{"count":0,"href":"https:\/\/alturadxb.com\/es\/wp-json\/wp\/v2\/pages\/5188\/revisions"}],"up":[{"embeddable":true,"href":"https:\/\/alturadxb.com\/es\/wp-json\/wp\/v2\/pages\/4604"}],"wp:attachment":[{"href":"https:\/\/alturadxb.com\/es\/wp-json\/wp\/v2\/media?parent=5188"}],"curies":[{"name":"wp","href":"https:\/\/api.w.org\/{rel}","templated":true}]}}