{"id":6808,"date":"2026-02-23T10:36:58","date_gmt":"2026-02-23T10:36:58","guid":{"rendered":"https:\/\/altura.aundigital.co\/?post_type=product&#038;p=6808"},"modified":"2026-03-05T07:28:32","modified_gmt":"2026-03-05T07:28:32","slug":"contemporary-package-1","status":"publish","type":"product","link":"https:\/\/alturadxb.com\/es\/producto\/contemporary-package-1\/","title":{"rendered":"Paquete Contempor\u00e1neo 1"},"content":{"rendered":"","protected":false},"excerpt":{"rendered":"<div id=\"main-product-price\" class=\"product-price\" data-animation-role=\"content\">\n<div class=\"product-price-value\">Lo que recibir\u00e1 (basado en un apartamento de 1 dormitorio)<\/div>\n<\/div>\n<div class=\"product-description hidden-down-md\">\n<p data-rte-preserve-empty=\"true\">(Consulte los detalles anteriores para obtener informaci\u00f3n sobre el apartamento tipo estudio y el apartamento de 2 habitaciones).<\/p>\n<div class=\"product-description hidden-down-md\">\n<p>Tenga en cuenta las siguientes diferencias:<\/p>\n<p>El apartamento tipo estudio incluye 1 sill\u00f3n, 1 armario, 1 cama tama\u00f1o Queen y 1 colch\u00f3n tama\u00f1o Queen.<\/p>\n<p>El apartamento de 2 habitaciones incluye una cama king size y un colch\u00f3n adicionales, 2 mesitas de noche adicionales y un tocador y taburete adicionales.<\/p>\n<\/div>\n<\/div>","protected":false},"featured_media":7880,"comment_status":"open","ping_status":"closed","template":"","meta":[],"product_brand":[],"product_cat":[35],"product_tag":[],"class_list":{"0":"post-6808","1":"product","2":"type-product","3":"status-publish","4":"has-post-thumbnail","6":"product_cat-uncategorized","8":"first","9":"instock","10":"shipping-taxable","11":"purchasable","12":"product-type-variable"},"_links":{"self":[{"href":"https:\/\/alturadxb.com\/es\/wp-json\/wp\/v2\/product\/6808","targetHints":{"allow":["GET"]}}],"collection":[{"href":"https:\/\/alturadxb.com\/es\/wp-json\/wp\/v2\/product"}],"about":[{"href":"https:\/\/alturadxb.com\/es\/wp-json\/wp\/v2\/types\/product"}],"replies":[{"embeddable":true,"href":"https:\/\/alturadxb.com\/es\/wp-json\/wp\/v2\/comments?post=6808"}],"wp:featuredmedia":[{"embeddable":true,"href":"https:\/\/alturadxb.com\/es\/wp-json\/wp\/v2\/media\/7880"}],"wp:attachment":[{"href":"https:\/\/alturadxb.com\/es\/wp-json\/wp\/v2\/media?parent=6808"}],"wp:term":[{"taxonomy":"product_brand","embeddable":true,"href":"https:\/\/alturadxb.com\/es\/wp-json\/wp\/v2\/product_brand?post=6808"},{"taxonomy":"product_cat","embeddable":true,"href":"https:\/\/alturadxb.com\/es\/wp-json\/wp\/v2\/product_cat?post=6808"},{"taxonomy":"product_tag","embeddable":true,"href":"https:\/\/alturadxb.com\/es\/wp-json\/wp\/v2\/product_tag?post=6808"}],"curies":[{"name":"wp","href":"https:\/\/api.w.org\/{rel}","templated":true}]}}