{"id":7103,"date":"2026-02-25T09:17:46","date_gmt":"2026-02-25T09:17:46","guid":{"rendered":"https:\/\/altura.aundigital.co\/?post_type=product&#038;p=7103"},"modified":"2026-03-05T07:38:06","modified_gmt":"2026-03-05T07:38:06","slug":"opulent-package-3","status":"publish","type":"product","link":"https:\/\/alturadxb.com\/es\/producto\/opulent-package-3\/","title":{"rendered":"Paquete opulento 3"},"content":{"rendered":"","protected":false},"excerpt":{"rendered":"<p data-rte-preserve-empty=\"true\">Lo que recibir\u00e1 (basado en un apartamento de 1 dormitorio)<\/p>\n<p data-rte-preserve-empty=\"true\">(Consulte los detalles anteriores para obtener informaci\u00f3n sobre el apartamento tipo estudio y el apartamento de 2 habitaciones).<\/p>\n<p data-rte-preserve-empty=\"true\">El apartamento tipo estudio incluye 1 sill\u00f3n, 1 armario, 1 cama tama\u00f1o Queen y 1 colch\u00f3n tama\u00f1o Queen.<\/p>\n<p class=\"\" data-rte-preserve-empty=\"true\">El apartamento de 2 habitaciones incluye una cama king size y un colch\u00f3n adicionales, 2 mesitas de noche adicionales y un tocador y taburete adicionales.<\/p>","protected":false},"featured_media":7107,"comment_status":"open","ping_status":"closed","template":"","meta":[],"product_brand":[],"product_cat":[35],"product_tag":[],"class_list":{"0":"post-7103","1":"product","2":"type-product","3":"status-publish","4":"has-post-thumbnail","6":"product_cat-uncategorized","8":"first","9":"instock","10":"shipping-taxable","11":"purchasable","12":"product-type-variable"},"_links":{"self":[{"href":"https:\/\/alturadxb.com\/es\/wp-json\/wp\/v2\/product\/7103","targetHints":{"allow":["GET"]}}],"collection":[{"href":"https:\/\/alturadxb.com\/es\/wp-json\/wp\/v2\/product"}],"about":[{"href":"https:\/\/alturadxb.com\/es\/wp-json\/wp\/v2\/types\/product"}],"replies":[{"embeddable":true,"href":"https:\/\/alturadxb.com\/es\/wp-json\/wp\/v2\/comments?post=7103"}],"wp:featuredmedia":[{"embeddable":true,"href":"https:\/\/alturadxb.com\/es\/wp-json\/wp\/v2\/media\/7107"}],"wp:attachment":[{"href":"https:\/\/alturadxb.com\/es\/wp-json\/wp\/v2\/media?parent=7103"}],"wp:term":[{"taxonomy":"product_brand","embeddable":true,"href":"https:\/\/alturadxb.com\/es\/wp-json\/wp\/v2\/product_brand?post=7103"},{"taxonomy":"product_cat","embeddable":true,"href":"https:\/\/alturadxb.com\/es\/wp-json\/wp\/v2\/product_cat?post=7103"},{"taxonomy":"product_tag","embeddable":true,"href":"https:\/\/alturadxb.com\/es\/wp-json\/wp\/v2\/product_tag?post=7103"}],"curies":[{"name":"wp","href":"https:\/\/api.w.org\/{rel}","templated":true}]}}